{"id":590,"date":"2022-06-15T09:23:36","date_gmt":"2022-06-15T09:23:36","guid":{"rendered":"http:\/\/www.spanishglobalnebrija.com\/?post_type=product&#038;p=590"},"modified":"2024-03-11T09:38:31","modified_gmt":"2024-03-11T09:38:31","slug":"espanol-para-el-turismo","status":"publish","type":"product","link":"https:\/\/www.spanishglobalnebrija.com\/fr\/producto\/espanol-para-el-turismo\/","title":{"rendered":"Espagnol du tourisme"},"content":{"rendered":"<p><strong>Level: A1.2 \u2013 Actfl-130<\/strong>\n<\/p>\n<\/p>\n<p>\u00c9largissez et renforcez vos comp\u00e9tences en mati\u00e8re d'intercommunication avec les clients et les invit\u00e9s hispanophones.<\/p>\n<ul>\n<li>Plongez dans le vocabulaire de base espagnol des diff\u00e9rents domaines du secteur touristique pour interagir facilement avec les clients en espagnol.<\/li>\n<li>Pr\u00e9parez-vous \u00e0 comprendre les phrases et le vocabulaire espagnol le plus courant dans ce lieu de travail en saisissant l'id\u00e9e principale des notifications et autres messages courts, clairs et simples.<\/li>\n<li>Savoir lire et \u00e9crire en espagnol des textes courts, des notes et des courriels avec des messages courts et simples.<\/li>\n<\/ul>\n<hr \/>\n<p><!-- COPIAR DE AQU\u00cd EN ADELANTE --><\/p>\n<p><a class=\"elea-readmore\" style=\"text-decoration: underline; color: #c2002f;\" href=\"\/fr\/\">En savoir plus...<\/a><\/p>\n<div class=\"elea-readmore-html\" style=\"display: none;\">\n<p><!-- INICIO ZONA A EDITAR --><br \/>\n<strong>Description du cours :<\/strong> This course is designed for those students who want to start or improve their learning of Spanish through content related to tourism.  Especially recommended for hostelry and tourism students who need to combine their learning of the language with specific contents in the field. <\/p>\n<p>Throughout the course, lexical and grammatical content as well as various topics directly related to the world of tourism are dealt with.\n<\/p>\n<p><strong>Comp\u00e9tences linguistiques<\/strong><\/p>\n<ol>\n<li>Espagnol<\/li>\n<li>Tourisme<\/li>\n<li>Communication<\/li>\n<li>Discours<\/li>\n<\/ol>\n<p><!-- FIN ZONA A EDITAR --><\/p>\n<p><!-- COPIAR ESTO TAMBIEN --><\/p>\n<\/div>","protected":false},"excerpt":{"rendered":"<div class=\"nebrija-product-short-description-wrapper\">\n<p class=\"nebrija-product-short-description\"><strong><i class=\"ion-calendar\"><\/i> Dur\u00e9e du cours : <\/strong><span class=\"nebrija-product-short-description-separator\">40 heures<\/span><\/p>\n<p class=\"nebrija-product-short-description\"><strong><i class=\"ion-person\"><\/i> Un cours destin\u00e9 \u00e0: <\/strong><span class=\"nebrija-product-short-description-separator\"> Professionnels et \u00e9tudiants du tourisme et de l'h\u00f4tellerie<\/span><\/p>\n<p class=\"nebrija-product-short-description\"><strong><i class=\"ion-calendar\"><\/i>Acc\u00e8s libre \u00e0 la plateforme : <\/strong><span class=\"nebrija-product-short-description-separator\">16 semaines<\/span><\/p>\n<p class=\"nebrija-product-short-description\"><strong><i class=\"ion-easel\"><\/i> Cours 100% en ligne <\/strong><span class=\"nebrija-product-short-description-separator\">Commencez imm\u00e9diatement et apprenez \u00e0 votre rythme<\/span><\/p>\n<p class=\"nebrija-product-short-description\"><strong><i class=\"ion-easel\"><\/i>Support technique :<\/strong><span class=\"nebrija-product-short-description-separator\">Demander \u00e0 un tuteur de r\u00e9soudre des probl\u00e8mes techniques <\/span><\/p>\n<p class=\"nebrija-product-short-description\"><strong><i class=\"ion-android-stopwatch\"><\/i>Engagement recommand\u00e9 pour le cours :<\/strong><span class=\"nebrija-product-short-description-separator\"> 2,5 heures par semaine<\/span><\/p>\n<p class=\"nebrija-product-short-description\"><strong><i class=\"ion-card\"><\/i>\u00c9largissez votre processus d'apprentissage : <\/strong><span class=\"nebrija-product-short-description-separator\">Ajouter des cours particuliers en direct avec un instructeur : 15\u20ac \/ 30min. | 25\u20ac \/ 1h<\/span><\/p>\n<\/div>\n<div class=\"nebrija-product-short-description-wrapper\">\n<p class=\"nebrija-product-short-description\"><strong><i class=\"ion-android-globe\"><\/i> Langue : <\/strong><span class=\"nebrija-product-short-description-separator\">Espagnol<\/span><\/p>\n<p class=\"nebrija-product-short-description\"><strong><i class=\"ion-ios-paper-outline\"><\/i>Certificat de fin d'\u00e9tudes : <\/strong><span class=\"nebrija-product-short-description-separator\">A la fin du cours, une fois que les exigences du cours ont \u00e9t\u00e9 remplies avec succ\u00e8s. <\/span><\/p>\n<p class=\"nebrija-product-short-description\"><strong><i class=\"ion-ios-monitor-outline\"><\/i> Niveau d'espagnol minimum conseill\u00e9 : <\/strong><span class=\"nebrija-product-short-description-separator\" style=\"color: #333333;\"><br \/>\nA1.1<span style=\"color: #ff0000; width: auto;\">  A1.2  <\/span> A2.1  A2.2<br \/>\nB1.1 B1.2 B2.1 B2.2<br \/>\nC1.1 C1.2<br \/>\n<\/span><\/p>\n<\/div>","protected":false},"featured_media":756,"comment_status":"closed","ping_status":"closed","template":"","meta":[],"product_cat":[20,24],"product_tag":[],"_links":{"self":[{"href":"https:\/\/www.spanishglobalnebrija.com\/fr\/wp-json\/wp\/v2\/product\/590"}],"collection":[{"href":"https:\/\/www.spanishglobalnebrija.com\/fr\/wp-json\/wp\/v2\/product"}],"about":[{"href":"https:\/\/www.spanishglobalnebrija.com\/fr\/wp-json\/wp\/v2\/types\/product"}],"replies":[{"embeddable":true,"href":"https:\/\/www.spanishglobalnebrija.com\/fr\/wp-json\/wp\/v2\/comments?post=590"}],"wp:featuredmedia":[{"embeddable":true,"href":"https:\/\/www.spanishglobalnebrija.com\/fr\/wp-json\/wp\/v2\/media\/756"}],"wp:attachment":[{"href":"https:\/\/www.spanishglobalnebrija.com\/fr\/wp-json\/wp\/v2\/media?parent=590"}],"wp:term":[{"taxonomy":"product_cat","embeddable":true,"href":"https:\/\/www.spanishglobalnebrija.com\/fr\/wp-json\/wp\/v2\/product_cat?post=590"},{"taxonomy":"product_tag","embeddable":true,"href":"https:\/\/www.spanishglobalnebrija.com\/fr\/wp-json\/wp\/v2\/product_tag?post=590"}],"curies":[{"name":"wp","href":"https:\/\/api.w.org\/{rel}","templated":true}]}}