{"id":586,"date":"2022-06-15T09:23:29","date_gmt":"2022-06-15T09:23:29","guid":{"rendered":"http:\/\/www.spanishglobalnebrija.com\/?post_type=product&#038;p=586"},"modified":"2023-07-27T15:04:31","modified_gmt":"2023-07-27T15:04:31","slug":"espanol-para-fisioterapia","status":"publish","type":"product","link":"https:\/\/www.spanishglobalnebrija.com\/fr\/producto\/espanol-para-fisioterapia\/","title":{"rendered":"Sciences de la sant\u00e9 : Physioth\u00e9rapie"},"content":{"rendered":"<p><strong>COURS FLASH-ESPAGNOL POUR LE TRAVAIL<\/strong>\n<\/p>\n<p><strong>Niveau: B2.1\/B2.2\u2013 Actfl-370<\/strong>\n<\/p>\n<p>Travaillez avec la terminologie espagnole li\u00e9e \u00e0 la physioth\u00e9rapie et am\u00e9liorez votre communication avec vos patients hispanophones.  <\/p>\n<ul>\n<li> Plongez dans la terminologie sp\u00e9cifique li\u00e9e aux \u00e9quipements m\u00e9dicaux, aux parties du corps et \u00e0 leurs actions. <\/li>\n<li>Acqu\u00e9rir les comp\u00e9tences n\u00e9cessaires pour demander et donner des informations sur les douleurs aigu\u00ebs et chroniques, les malaises, les fractures et les accidents. <\/li>\n<li>Se pr\u00e9parer \u00e0 utiliser le vocabulaire et les expressions formels et informels de l'espagnol pour communiquer dans la clinique, demander et donner des rendez-vous, effectuer des \u00e9valuations th\u00e9rapeutiques et des traitements.<\/li>\n<\/ul>\n<p><!-- COPIAR DE AQU\u00cd EN ADELANTE --><\/p>\n<p><a class=\"elea-readmore\" style=\"text-decoration: underline; color: #c2002f;\" href=\"\/fr\/\">En savoir plus...<\/a><\/p>\n<div class=\"elea-readmore-html\" style=\"display: none;\">\n<p><!-- INICIO ZONA A EDITAR --><br \/>\n<strong>Description du cours :<\/strong> This course is developed in the communicative context of a physiotherapist room, working on the specific language for both oral and written communication, through exercises and practical examples.<br \/>\nSimilarly, it addresses issues related to interculturality in order to raise awareness and help understand the cultural similarities and differences that can influence the relationship with the patient.\n<\/p>\n<p><strong>Comp\u00e9tences linguistiques<\/strong><\/p>\n<ol>\n<li>Espagnol<\/li>\n<li>Sant\u00e9<\/li>\n<li>Physiotherapy<\/li>\n<li>Communication <\/li>\n<li>Discours<\/li>\n<\/ol>\n<p><!-- FIN ZONA A EDITAR --><\/p>\n<p><!-- COPIAR ESTO TAMBIEN --><\/p>\n<\/div>","protected":false},"excerpt":{"rendered":"<div class=\"nebrija-product-short-description-wrapper\">\n<p class=\"nebrija-product-short-description\"><strong><i class=\"ion-calendar\"><\/i> Dur\u00e9e du cours : <\/strong><span class=\"nebrija-product-short-description-separator\">10 heures<\/span><\/p>\n<p class=\"nebrija-product-short-description\"><strong><i class=\"ion-person\"><\/i> Un cours destin\u00e9 \u00e0: <\/strong><span class=\"nebrija-product-short-description-separator\"> Physiotherapists professionals and students <\/span><\/p>\n<p class=\"nebrija-product-short-description\"><strong><i class=\"ion-calendar\"><\/i>Acc\u00e8s libre \u00e0 la plateforme : <\/strong><span class=\"nebrija-product-short-description-separator\"> 4 semaines<\/span><\/p>\n<p class=\"nebrija-product-short-description\"><strong><i class=\"ion-easel\"><\/i> Cours 100% en ligne <\/strong><span class=\"nebrija-product-short-description-separator\">Commencez imm\u00e9diatement et apprenez \u00e0 votre rythme<\/span><\/p>\n<p class=\"nebrija-product-short-description\"><strong><i class=\"ion-easel\"><\/i>Support technique : <\/strong><span class=\"nebrija-product-short-description-separator\">Demander \u00e0 un tuteur de r\u00e9soudre des probl\u00e8mes techniques <\/span><\/p>\n<p class=\"nebrija-product-short-description\"><strong><i class=\"ion-android-stopwatch\"><\/i>Engagement recommand\u00e9 pour le cours :<\/strong><span class=\"nebrija-product-short-description-separator\"> 2,5 heures par semaine<\/span><\/p>\n<p class=\"nebrija-product-short-description\"><strong><i class=\"ion-card\"><\/i>\u00c9largissez votre processus d'apprentissage : <\/strong><span class=\"nebrija-product-short-description-separator\">Ajouter des cours particuliers en direct avec un instructeur : 15\u20ac \/ 30min. | 25\u20ac \/ 1h<\/span><\/p>\n<p class=\"nebrija-product-short-description\"><strong><i class=\"ion-ios-pie-outline\"><\/i> Domaine: <\/strong><span class=\"nebrija-product-short-description-separator\"> Soins de sant\u00e9\/Physioth\u00e9rapie <\/span><\/p>\n<\/div>\n<div class=\"nebrija-product-short-description-wrapper\">\n<p class=\"nebrija-product-short-description\"><strong><i class=\"ion-android-globe\"><\/i> Langue : <\/strong><span class=\"nebrija-product-short-description-separator\">Espagnol<\/span><\/p>\n<p class=\"nebrija-product-short-description\"><strong><i class=\"ion-ios-paper-outline\"><\/i>Certificat de fin d'\u00e9tudes : <\/strong><span class=\"nebrija-product-short-description-separator\">A la fin du cours, une fois que les exigences du cours ont \u00e9t\u00e9 remplies avec succ\u00e8s. <\/span><\/p>\n<p class=\"nebrija-product-short-description\"><strong><i class=\"ion-ios-monitor-outline\"><\/i> Niveau d'espagnol minimum conseill\u00e9 : <\/strong><span class=\"nebrija-product-short-description-separator\" style=\"color: #333333;\"> A1.1 A1.2 A2.1 A2.2<br \/>\nB1.1 B1.2 <span style=\"color: #ff0000; width: auto;\"> B2.1 B2.2<\/span><br \/>\nC1.1 C1.2<\/span><br \/>\n<\/span><\/p>\n<\/div>","protected":false},"featured_media":748,"comment_status":"closed","ping_status":"closed","template":"","meta":[],"product_cat":[20,24],"product_tag":[],"_links":{"self":[{"href":"https:\/\/www.spanishglobalnebrija.com\/fr\/wp-json\/wp\/v2\/product\/586"}],"collection":[{"href":"https:\/\/www.spanishglobalnebrija.com\/fr\/wp-json\/wp\/v2\/product"}],"about":[{"href":"https:\/\/www.spanishglobalnebrija.com\/fr\/wp-json\/wp\/v2\/types\/product"}],"replies":[{"embeddable":true,"href":"https:\/\/www.spanishglobalnebrija.com\/fr\/wp-json\/wp\/v2\/comments?post=586"}],"wp:featuredmedia":[{"embeddable":true,"href":"https:\/\/www.spanishglobalnebrija.com\/fr\/wp-json\/wp\/v2\/media\/748"}],"wp:attachment":[{"href":"https:\/\/www.spanishglobalnebrija.com\/fr\/wp-json\/wp\/v2\/media?parent=586"}],"wp:term":[{"taxonomy":"product_cat","embeddable":true,"href":"https:\/\/www.spanishglobalnebrija.com\/fr\/wp-json\/wp\/v2\/product_cat?post=586"},{"taxonomy":"product_tag","embeddable":true,"href":"https:\/\/www.spanishglobalnebrija.com\/fr\/wp-json\/wp\/v2\/product_tag?post=586"}],"curies":[{"name":"wp","href":"https:\/\/api.w.org\/{rel}","templated":true}]}}