{"id":576,"date":"2022-06-15T08:23:33","date_gmt":"2022-06-15T08:23:33","guid":{"rendered":"http:\/\/www.spanishglobalnebrija.com\/?post_type=product&#038;p=576"},"modified":"2023-07-27T15:38:25","modified_gmt":"2023-07-27T15:38:25","slug":"espanol-de-los-negocios-internacionalizacion-de-la-empresa","status":"publish","type":"product","link":"https:\/\/www.spanishglobalnebrija.com\/fr\/producto\/espanol-de-los-negocios-internacionalizacion-de-la-empresa\/","title":{"rendered":"Espagnol des affaires : internationalisation"},"content":{"rendered":"<p>\n<strong>FLASH COURSE &#8211; SPANISH FOR WORK <\/strong><\/p>\n<p><strong>Niveau: B2.2\u2013 Actfl-350<\/strong>\n<\/p>\n<p>Acqu\u00e9rir des capacit\u00e9s de communication en espagnol gr\u00e2ce \u00e0 la terminologie de l'internationalisation des entreprises, du march\u00e9 international et de la strat\u00e9gie de marque. <\/p>\n<ul>\n<li>D\u00e9couvrez des contenus espagnols sur l'internationalisation des entreprises, les co\u00fbts et l'image de marque. <\/li>\n<li>Travailler le vocabulaire espagnol li\u00e9 au fonctionnement des march\u00e9s internationaux : multinationales, fusions et acquisitions d'entreprises.  <\/li>\n<li>R\u00e9fl\u00e9chir aux comportements culturels des citoyens des pays hispanophones et \u00e0 leurs diff\u00e9rences avec d'autres cultures.  <\/li>\n<\/ul>\n<p><!-- COPIAR DE AQU\u00cd EN ADELANTE --><\/p>\n<p><a class=\"elea-readmore\" style=\"text-decoration: underline; color: #c2002f;\" href=\"\/fr\/\">En savoir plus...<\/a><\/p>\n<div class=\"elea-readmore-html\" style=\"display: none;\">\n<p><!-- INICIO ZONA A EDITAR --><br \/>\n<strong>Description du cours :<\/strong> L'objectif de ce cours est de fournir aux participants les outils n\u00e9cessaires pour faire face \u00e0 des situations de communication en espagnol en am\u00e9liorant leur vocabulaire et leurs expressions dans le cadre du processus d'internationalisation des affaires et de l'\u00e9tablissement de relations commerciales.\n<\/p>\n<p><strong>Comp\u00e9tences linguistiques<\/strong><\/p>\n<ol>\n<li>Espagnol<\/li>\n<li>Commerce international <\/li>\n<li>Consolidation de la marque<\/li>\n<li>Discours<\/li>\n<\/ol>\n<p><!-- FIN ZONA A EDITAR --><\/p>\n<p><!-- COPIAR ESTO TAMBIEN --><\/p>\n<\/div>","protected":false},"excerpt":{"rendered":"<div class=\"nebrija-product-short-description-wrapper\">\n<p class=\"nebrija-product-short-description\"><strong><i class=\"ion-calendar\"><\/i> Dur\u00e9e du cours : <\/strong><span class=\"nebrija-product-short-description-separator\">10 heures<\/span><\/p>\n<p class=\"nebrija-product-short-description\"><strong><i class=\"ion-person\"><\/i> Un cours destin\u00e9 \u00e0: <\/strong><span class=\"nebrija-product-short-description-separator\"> Professionnels et \u00e9tudiants<\/span><\/p>\n<p class=\"nebrija-product-short-description\"><strong><i class=\"ion-calendar\"><\/i>Acc\u00e8s libre \u00e0 la plateforme : <\/strong><span class=\"nebrija-product-short-description-separator\"> 4 semaines<\/span><\/p>\n<p class=\"nebrija-product-short-description\"><strong><i class=\"ion-easel\"><\/i> Cours 100% en ligne <\/strong><span class=\"nebrija-product-short-description-separator\">Commencez imm\u00e9diatement et apprenez \u00e0 votre rythme<\/span><\/p>\n<p class=\"nebrija-product-short-description\"><strong><i class=\"ion-easel\"><\/i>Support technique : <\/strong><span class=\"nebrija-product-short-description-separator\"> Demander \u00e0 un tuteur de r\u00e9soudre des probl\u00e8mes techniques <\/span><\/p>\n<p class=\"nebrija-product-short-description\"><strong><i class=\"ion-android-stopwatch\"><\/i>Engagement recommand\u00e9 pour le cours :<\/strong><span class=\"nebrija-product-short-description-separator\"> 2,5 heures par semaine<\/span><\/p>\n<p class=\"nebrija-product-short-description\"><strong><i class=\"ion-card\"><\/i>\u00c9largissez votre processus d'apprentissage : <\/strong><span class=\"nebrija-product-short-description-separator\">Ajouter des cours particuliers en direct avec un instructeur : 15\u20ac \/ 30min. | 25\u20ac \/ 1h<\/span><\/p>\n<p class=\"nebrija-product-short-description\"><strong><i class=\"ion-ios-pie-outline\"><\/i> Domaine:<\/strong><span class=\"nebrija-product-short-description-separator\"> Affaires<\/span><\/p>\n<\/div>\n<div class=\"nebrija-product-short-description-wrapper\">\n<p class=\"nebrija-product-short-description\"><strong><i class=\"ion-android-globe\"><\/i> Langue : <\/strong><span class=\"nebrija-product-short-description-separator\">Espagnol<\/span><\/p>\n<p class=\"nebrija-product-short-description\"><strong><i class=\"ion-ios-paper-outline\"><\/i>Certificat de fin d'\u00e9tudes : <\/strong><span class=\"nebrija-product-short-description-separator\">A la fin du cours, une fois que les exigences du cours ont \u00e9t\u00e9 remplies avec succ\u00e8s. <\/span><\/p>\n<p class=\"nebrija-product-short-description\"><strong><i class=\"ion-ios-monitor-outline\"><\/i> Niveau d'espagnol minimum conseill\u00e9 : <\/strong><span class=\"nebrija-product-short-description-separator\" style=\"color: #333333;\"> A1.1 A1.2 A2.1 A2.2<br \/>\nB1.1 B1.2 <span style=\"color: #ff0000; width: auto;\">B2.1<\/span>  B2.2<br \/>\nC1.1 C1.2<br \/>\n<\/span><\/p>\n<\/div>","protected":false},"featured_media":750,"comment_status":"closed","ping_status":"closed","template":"","meta":[],"product_cat":[20,24],"product_tag":[],"_links":{"self":[{"href":"https:\/\/www.spanishglobalnebrija.com\/fr\/wp-json\/wp\/v2\/product\/576"}],"collection":[{"href":"https:\/\/www.spanishglobalnebrija.com\/fr\/wp-json\/wp\/v2\/product"}],"about":[{"href":"https:\/\/www.spanishglobalnebrija.com\/fr\/wp-json\/wp\/v2\/types\/product"}],"replies":[{"embeddable":true,"href":"https:\/\/www.spanishglobalnebrija.com\/fr\/wp-json\/wp\/v2\/comments?post=576"}],"wp:featuredmedia":[{"embeddable":true,"href":"https:\/\/www.spanishglobalnebrija.com\/fr\/wp-json\/wp\/v2\/media\/750"}],"wp:attachment":[{"href":"https:\/\/www.spanishglobalnebrija.com\/fr\/wp-json\/wp\/v2\/media?parent=576"}],"wp:term":[{"taxonomy":"product_cat","embeddable":true,"href":"https:\/\/www.spanishglobalnebrija.com\/fr\/wp-json\/wp\/v2\/product_cat?post=576"},{"taxonomy":"product_tag","embeddable":true,"href":"https:\/\/www.spanishglobalnebrija.com\/fr\/wp-json\/wp\/v2\/product_tag?post=576"}],"curies":[{"name":"wp","href":"https:\/\/api.w.org\/{rel}","templated":true}]}}