{"id":550,"date":"2022-06-13T09:59:56","date_gmt":"2022-06-13T09:59:56","guid":{"rendered":"https:\/\/www.spanishglobalnebrija.com\/?post_type=product&#038;p=550"},"modified":"2024-04-03T14:18:32","modified_gmt":"2024-04-03T14:18:32","slug":"spanish-language-course-a11","status":"publish","type":"product","link":"https:\/\/www.spanishglobalnebrija.com\/fr\/producto\/spanish-language-course-a11\/","title":{"rendered":"Cours d'espagnol A1.1"},"content":{"rendered":"<p><strong>Level: A1.1 \u2013 Actfl-101<\/strong><br \/>\n<br \/>\nA l'issue de ce cours, vous serez en mesure de<\/p>\n<ul>\n<li>Utilisez des mots et des expressions tr\u00e8s simples de votre environnement imm\u00e9diat.<\/li>\n<li>Comprendre et utiliser des phrases simples.<\/li>\n<li>Utilisez des expressions simples pour d\u00e9crire l'endroit o\u00f9 vous vivez et les personnes que vous connaissez.<\/li>\n<\/ul>\n<p><!-- COPIAR DE AQU\u00cd EN ADELANTE --><\/p>\n<p><a class=\"elea-readmore\" style=\"text-decoration: underline; color: #c2002f;\" href=\"\/fr\/\">En savoir plus...<\/a><\/p>\n<div class=\"elea-readmore-html\" style=\"display: none;\">\n<p><!-- INICIO ZONA A EDITAR --><br \/>\n<strong>Description du cours :<\/strong> Cours qui vise \u00e0 commencer \u00e0 communiquer en espagnol selon une approche fonctionnelle et communicative. Les \u00e9tudiants apprennent les contenus communicatifs de base pour<br \/>\nse d\u00e9brouiller dans des situations simples de la vie quotidienne. Des supports de nature socioculturelle sont utilis\u00e9s pendant le cours.<\/p>\n<p><strong>Comp\u00e9tences linguistiques<\/strong><\/p>\n<p>&nbsp;<\/p>\n<ol>\n<li>Comprendre<\/li>\n<li>Communication<\/li>\n<li>Grammaire<\/li>\n<li>Discours<\/li>\n<\/ol>\n<p><!-- FIN ZONA A EDITAR --><\/p>\n<p><!-- COPIAR ESTO TAMBIEN --><\/p>\n<\/div>","protected":false},"excerpt":{"rendered":"<div class=\"nebrija-product-short-description-wrapper\">\n<p class=\"nebrija-product-short-description\"><strong><i class=\"ion-calendar\"><\/i> Dur\u00e9e du cours : <\/strong><span class=\"nebrija-product-short-description-separator\">30 heures<\/span><\/p>\n<p class=\"nebrija-product-short-description\"><strong><i class=\"ion-person\"><\/i> Un cours destin\u00e9 \u00e0: <\/strong><span class=\"nebrija-product-short-description-separator\">Personnes souhaitant apprendre l'espagnol pour des raisons personnelles ou professionnelles<\/span><\/p>\n<p class=\"nebrija-product-short-description\"><strong><i class=\"ion-calendar\"><\/i>Acc\u00e8s libre \u00e0 la plateforme : <\/strong><span class=\"nebrija-product-short-description-separator\">12 semaines<\/span><\/p>\n<p class=\"nebrija-product-short-description\"><strong><i class=\"ion-easel\"><\/i> Cours 100% en ligne <\/strong><span class=\"nebrija-product-short-description-separator\">Commencez imm\u00e9diatement et apprenez \u00e0 votre rythme<\/span><\/p>\n<p class=\"nebrija-product-short-description\"><strong><i class=\"ion-easel\"><\/i>Support technique : <\/strong><span class=\"nebrija-product-short-description-separator\">Demander \u00e0 un tuteur de r\u00e9soudre des probl\u00e8mes techniques<\/span><\/p>\n<p class=\"nebrija-product-short-description\"><strong><i class=\"ion-android-stopwatch\"><\/i>Engagement recommand\u00e9 pour le cours :<\/strong><span class=\"nebrija-product-short-description-separator\">2,5 heures par semaine<\/span><\/p>\n<p class=\"nebrija-product-short-description\"><strong><i class=\"ion-card\"><\/i>\u00c9largissez votre processus d'apprentissage : <\/strong><span class=\"nebrija-product-short-description-separator\">Ajouter des cours particuliers en direct avec un instructeur : 15\u20ac \/ 30min. | 25\u20ac \/ 1h<\/span><\/p>\n<p class=\"nebrija-product-short-description\"><strong><i class=\"ion-ios-pie-outline\"><\/i> Domaine: <\/strong><span class=\"nebrija-product-short-description-separator\">Cours de langue<\/span><\/p>\n<\/div>\n<div class=\"nebrija-product-short-description-wrapper\">\n<p class=\"nebrija-product-short-description\"><strong><i class=\"ion-android-globe\"><\/i> Langue : <\/strong><span class=\"nebrija-product-short-description-separator\">Espagnol<\/span><\/p>\n<p class=\"nebrija-product-short-description\"><strong>Certificat de fin d'\u00e9tudes : <\/strong><span class=\"nebrija-product-short-description-separator\">A la fin du cours, une fois que les exigences du cours ont \u00e9t\u00e9 remplies avec succ\u00e8s. <\/span><\/p>\n<p class=\"nebrija-product-short-description\"><strong><i class=\"ion-ios-monitor-outline\"><\/i> Niveau d'espagnol minimum conseill\u00e9 : <\/strong><br \/>\n<span class=\"nebrija-product-short-description-separator\" style=\"color: #333333;\"><br \/>\n<span style=\"color: #ff0000; width: auto;\">A1.1<\/span> A1.2 A2.1 A2.2<br \/>\nB1.1 B1.2 B2.1 B2.2<br \/>\nC1.1 C1.2<br \/>\n<\/span><\/p>\n<\/div>","protected":false},"featured_media":730,"comment_status":"closed","ping_status":"closed","template":"","meta":[],"product_cat":[20,25],"product_tag":[],"_links":{"self":[{"href":"https:\/\/www.spanishglobalnebrija.com\/fr\/wp-json\/wp\/v2\/product\/550"}],"collection":[{"href":"https:\/\/www.spanishglobalnebrija.com\/fr\/wp-json\/wp\/v2\/product"}],"about":[{"href":"https:\/\/www.spanishglobalnebrija.com\/fr\/wp-json\/wp\/v2\/types\/product"}],"replies":[{"embeddable":true,"href":"https:\/\/www.spanishglobalnebrija.com\/fr\/wp-json\/wp\/v2\/comments?post=550"}],"wp:featuredmedia":[{"embeddable":true,"href":"https:\/\/www.spanishglobalnebrija.com\/fr\/wp-json\/wp\/v2\/media\/730"}],"wp:attachment":[{"href":"https:\/\/www.spanishglobalnebrija.com\/fr\/wp-json\/wp\/v2\/media?parent=550"}],"wp:term":[{"taxonomy":"product_cat","embeddable":true,"href":"https:\/\/www.spanishglobalnebrija.com\/fr\/wp-json\/wp\/v2\/product_cat?post=550"},{"taxonomy":"product_tag","embeddable":true,"href":"https:\/\/www.spanishglobalnebrija.com\/fr\/wp-json\/wp\/v2\/product_tag?post=550"}],"curies":[{"name":"wp","href":"https:\/\/api.w.org\/{rel}","templated":true}]}}