{"id":4583,"date":"2026-02-09T09:55:05","date_gmt":"2026-02-09T09:55:05","guid":{"rendered":"https:\/\/www.spanishglobalnebrija.com\/?post_type=product&#038;p=4583"},"modified":"2026-03-12T15:41:59","modified_gmt":"2026-03-12T15:41:59","slug":"nebrija-certificate-in-commercial-spanish-b1","status":"publish","type":"product","link":"https:\/\/www.spanishglobalnebrija.com\/fr\/producto\/nebrija-certificate-in-commercial-spanish-b1\/","title":{"rendered":"Certificado Nebrija de Espa\u00f1ol Comercial B1"},"content":{"rendered":"<p><strong> <\/strong><\/p>\n<ul>\n<li><\/li>\n<\/ul>\n<hr \/>\n<p><!-- COPIAR DE AQU\u00cd EN ADELANTE --><\/p>\n<p><strong>Objetivo del examen<\/strong> <\/p>\n<p><strong> <\/strong><\/p>\n<p>&nbsp;<\/p>\n<ol>\nConstatar que los candidatos han alcanzado un nivel intermedio (B1) de competencia comunicativa de la lengua espa\u00f1ola en situaciones profesionales est\u00e1ndar propias del \u00e1rea comercial.\n<\/ol>\n<p><a class=\"elea-readmore\" style=\"text-decoration: underline; color: #c2002f;\" href=\"\/fr\/\"><\/a><\/p>\n<div class=\"elea-readmore-html\" style=\"display: none;\">\n<p><!-- INICIO ZONA A EDITAR --><br \/>\n<strong><\/strong> <\/p>\n<p><strong> <\/strong><\/p>\n<p>&nbsp;<\/p>\n<ol>\n<\/ol>\n<p><!-- FIN ZONA A EDITAR --><\/p>\n<p><!-- COPIAR ESTO TAMBIEN --><\/p>\n<\/div>","protected":false},"excerpt":{"rendered":"<div class=\"nebrija-product-short-description-wrapper\">\n<p class=\"nebrija-product-short-description\"><strong><i class=\"ion-person\"><\/i>Certificado dirigido a: <\/strong><span class=\"nebrija-product-short-description-separator\"> Estudiantes no hispanohablantes que deseen certificar su nivel de conocimiento de espa\u00f1ol comercial por razones acad\u00e9micas o profesionales. <\/span><\/p>\n<p class=\"nebrija-product-short-description\"><strong><i class=\"ion-location\"><\/i> Lugar: <\/strong><span class=\"nebrija-product-short-description-separator\">Sanda University (Campus Jinhai)<\/span><\/p>\n<p class=\"nebrija-product-short-description\"><strong><i class=\"ion-location\"><\/i> Direcci\u00f3n: <\/strong><span class=\"nebrija-product-short-description-separator\">Calle Jinhai ,n\u00famero 2727, Distrito Pudong, Ciudad Shanghai (China)<\/span><\/p>\n<\/div>\n<div class=\"nebrija-product-short-description-wrapper\">\n<p class=\"nebrija-product-short-description\"><strong><i class=\"ion-calendar\"><\/i>Convocatoria: <\/strong><span class=\"nebrija-product-short-description-separator\"> 27 de marzo de 2026<\/span><\/p>\n<p class=\"nebrija-product-short-description\"><strong><i class=\"ion-android-globe\"><\/i> Nivel de espa\u00f1ol: <\/strong><span class=\"nebrija-product-short-description-separator\">Intermedio B1<\/span><\/p>\n<p class=\"nebrija-product-short-description\"><strong><i class=\"ion-clock\"><\/i> Duraci\u00f3n del examen:<\/strong><span class=\"nebrija-product-short-description-separator\">130 minutos <\/span><\/p>\n<p class=\"nebrija-product-short-description\"><strong><i class=\"ion-email\"><\/i> Correo de contacto<br \/>\npara informaci\u00f3n:<\/strong><span class=\"nebrija-product-short-description-separator\">inchina@nebrija.es <\/span><\/p>\n<p>&nbsp;<\/p>\n<\/div>","protected":false},"featured_media":4591,"comment_status":"open","ping_status":"closed","template":"","meta":[],"product_cat":[46],"product_tag":[],"_links":{"self":[{"href":"https:\/\/www.spanishglobalnebrija.com\/fr\/wp-json\/wp\/v2\/product\/4583"}],"collection":[{"href":"https:\/\/www.spanishglobalnebrija.com\/fr\/wp-json\/wp\/v2\/product"}],"about":[{"href":"https:\/\/www.spanishglobalnebrija.com\/fr\/wp-json\/wp\/v2\/types\/product"}],"replies":[{"embeddable":true,"href":"https:\/\/www.spanishglobalnebrija.com\/fr\/wp-json\/wp\/v2\/comments?post=4583"}],"wp:featuredmedia":[{"embeddable":true,"href":"https:\/\/www.spanishglobalnebrija.com\/fr\/wp-json\/wp\/v2\/media\/4591"}],"wp:attachment":[{"href":"https:\/\/www.spanishglobalnebrija.com\/fr\/wp-json\/wp\/v2\/media?parent=4583"}],"wp:term":[{"taxonomy":"product_cat","embeddable":true,"href":"https:\/\/www.spanishglobalnebrija.com\/fr\/wp-json\/wp\/v2\/product_cat?post=4583"},{"taxonomy":"product_tag","embeddable":true,"href":"https:\/\/www.spanishglobalnebrija.com\/fr\/wp-json\/wp\/v2\/product_tag?post=4583"}],"curies":[{"name":"wp","href":"https:\/\/api.w.org\/{rel}","templated":true}]}}