{"id":4465,"date":"2025-12-10T16:02:40","date_gmt":"2025-12-10T16:02:40","guid":{"rendered":"https:\/\/www.spanishglobalnebrija.com\/?post_type=product&#038;p=4465"},"modified":"2026-04-23T07:54:24","modified_gmt":"2026-04-23T07:54:24","slug":"a2-2-mw-0126","status":"publish","type":"product","link":"https:\/\/www.spanishglobalnebrija.com\/fr\/producto\/a2-2-mw-0126\/","title":{"rendered":"A2.2 MW 0126"},"content":{"rendered":"<p><strong>Level: A2.2\u2013 Actfl-110<\/strong>\n<\/p>\n<p><strong>Date d'entr\u00e9e en fonction : <span style=\"color: #ff0000; width: auto;\">\u00a0January 2026<\/span><br \/>\n<\/strong><br \/>\nA l'issue de ce cours, vous serez en mesure de\n<\/p>\n<ul>\n<li style=\"list-style-type: none;\">\n<ul>\n<li>Talk about the past using pret\u00e9rito indefinido and pret\u00e9rito perfecto<\/li>\n<li>Talk about the beginning, duration and ending of an action<\/li>\n<li>Express cause and consequence<\/li>\n<li>Assess, express opinion, agreement and disagreement<\/li>\n<li>Express needs<\/li>\n<\/ul>\n<\/li>\n<\/ul>\n<p>&nbsp;<\/p>\n<hr \/>\n<p><!-- COPIAR DE AQU\u00cd EN ADELANTE --><\/p>\n<p><a class=\"elea-readmore\" style=\"text-decoration: underline; color: #c2002f;\" href=\"\/fr\/\">En savoir plus...<\/a><\/p>\n<div class=\"elea-readmore-html\" style=\"display: none;\">\n<p><!-- INICIO ZONA A EDITAR --><br \/>\n<strong>Description du cours :<\/strong> A course with a functional and communicative approach. The linguistic contents that cover the entire initial level are studied and the student is prepared to begin the intermediate level of Spanish.<\/p>\n<p>The acquired knowledge is consolidated, and the new grammatical and lexical contents are introduced so that the students can begin to describe personal experiences in the past in different communicative situations.<\/p>\n<p><strong>Comp\u00e9tences linguistiques <\/strong><\/p>\n<p>&nbsp;<\/p>\n<ol>\n<li>Comprendre<\/li>\n<li>Communication<\/li>\n<li>Grammaire<\/li>\n<li>Discours<\/li>\n<\/ol>\n<p><!-- FIN ZONA A EDITAR --><\/p>\n<p><!-- COPIAR ESTO TAMBIEN --><\/p>\n<\/div>","protected":false},"excerpt":{"rendered":"<div class=\"nebrija-product-short-description-wrapper\">\n<p class=\"nebrija-product-short-description\"><strong><i class=\"ion-calendar\"><\/i> Dur\u00e9e du cours : <\/strong><span class=\"nebrija-product-short-description-separator\">30 heures\/10 semaines<\/span><\/p>\n<p class=\"nebrija-product-short-description\"><strong><i class=\"ion-person\"><\/i>Cours hebdomadaires en direct <\/strong><span class=\"nebrija-product-short-description-separator\"> avec un enseignant natif <\/span><\/p>\n<p class=\"nebrija-product-short-description\"><strong><i class=\"ion-calendar\"><\/i>Plate-forme d'apprentissage interactive disponible<\/strong><span class=\"nebrija-product-short-description-separator\">d'approfondir et de r\u00e9viser ce qui a \u00e9t\u00e9 appris en classe.<\/span><\/p>\n<p class=\"nebrija-product-short-description\"><strong><i class=\"ion-easel\"><\/i> Date d'entr\u00e9e en fonction : <\/strong><span class=\"nebrija-product-short-description-separator\">January 2026<\/span><\/p>\n<p class=\"nebrija-product-short-description\"><strong><i class=\"ion-easel\"><\/i>Horaire : <\/strong><span class=\"nebrija-product-short-description-separator\">Monday and Wednesday from 12.20\/13.40 (Spanish time) <\/span><\/p>\n<p class=\"nebrija-product-short-description\"><strong><i class=\"ion-android-stopwatch\"><\/i>Engagement recommand\u00e9 pour le cours : <\/strong><span class=\"nebrija-product-short-description-separator\"> 2.5 hours per week plus complementary tasks<\/span><\/p>\n<p class=\"nebrija-product-short-description\"><strong><i class=\"ion-ios-pie-outline\"><\/i> Domaine: <\/strong><span class=\"nebrija-product-short-description-separator\">Cours de langue<\/span><\/p>\n<\/div>\n<div class=\"nebrija-product-short-description-wrapper\">\n<p class=\"nebrija-product-short-description\"><strong><i class=\"ion-android-globe\"><\/i> Langue : <\/strong><span class=\"nebrija-product-short-description-separator\">Espagnol<\/span><\/p>\n<p class=\"nebrija-product-short-description\"><strong>Certificat de fin d'\u00e9tudes : <\/strong><span class=\"nebrija-product-short-description-separator\">A la fin du cours, une fois que les exigences du cours ont \u00e9t\u00e9 remplies avec succ\u00e8s. <\/span><\/p>\n<p class=\"nebrija-product-short-description\"><strong><i class=\"ion-ios-monitor-outline\"><\/i> Niveau d'espagnol minimum conseill\u00e9 : <\/strong><br \/>\n<span class=\"nebrija-product-short-description-separator\" style=\"color: #333333;\"><br \/>\nA1.1 A1.2 A2.1<span style=\"color: #ff0000; width: auto;\"> A2.2<\/span><br \/>\nB1.1 B1.2 B2.1 B2.2<br \/>\nC1.1 C1.2<br \/>\n<\/span><\/p>\n<\/div>","protected":false},"featured_media":2615,"comment_status":"closed","ping_status":"closed","template":"","meta":[],"product_cat":[20,15],"product_tag":[],"_links":{"self":[{"href":"https:\/\/www.spanishglobalnebrija.com\/fr\/wp-json\/wp\/v2\/product\/4465"}],"collection":[{"href":"https:\/\/www.spanishglobalnebrija.com\/fr\/wp-json\/wp\/v2\/product"}],"about":[{"href":"https:\/\/www.spanishglobalnebrija.com\/fr\/wp-json\/wp\/v2\/types\/product"}],"replies":[{"embeddable":true,"href":"https:\/\/www.spanishglobalnebrija.com\/fr\/wp-json\/wp\/v2\/comments?post=4465"}],"wp:featuredmedia":[{"embeddable":true,"href":"https:\/\/www.spanishglobalnebrija.com\/fr\/wp-json\/wp\/v2\/media\/2615"}],"wp:attachment":[{"href":"https:\/\/www.spanishglobalnebrija.com\/fr\/wp-json\/wp\/v2\/media?parent=4465"}],"wp:term":[{"taxonomy":"product_cat","embeddable":true,"href":"https:\/\/www.spanishglobalnebrija.com\/fr\/wp-json\/wp\/v2\/product_cat?post=4465"},{"taxonomy":"product_tag","embeddable":true,"href":"https:\/\/www.spanishglobalnebrija.com\/fr\/wp-json\/wp\/v2\/product_tag?post=4465"}],"curies":[{"name":"wp","href":"https:\/\/api.w.org\/{rel}","templated":true}]}}