{"id":3762,"date":"2025-04-01T09:23:48","date_gmt":"2025-04-01T09:23:48","guid":{"rendered":"https:\/\/www.spanishglobalnebrija.com\/?post_type=product&#038;p=3762"},"modified":"2025-05-06T19:39:44","modified_gmt":"2025-05-06T19:39:44","slug":"tecnicas-para-la-ensenanza-de-espanol-en-el-aula-presencial","status":"publish","type":"product","link":"https:\/\/www.spanishglobalnebrija.com\/fr\/producto\/tecnicas-para-la-ensenanza-de-espanol-en-el-aula-presencial\/","title":{"rendered":"T\u00e9cnicas para la ense\u00f1anza de espa\u00f1ol en el aula presencial"},"content":{"rendered":"<\/p>\n<p>Al finalizar este m\u00f3dulo, ser\u00e1s capaz de:\n<\/p>\n<ul>\n<li>Planificar y gestionar el aula de ELE<\/li>\n<li>Dise\u00f1ar secuencias did\u00e1cticas y actividades comunicativas y din\u00e1micas<\/li>\n<li>Desarrollar metodolog\u00edas efectivas para la ense\u00f1anza de las funciones comunicativas en diferentes niveles de aprendizaje<\/li>\n<li>Desarrollar estrategias para la ense\u00f1anza de las destrezas orales y escritas<\/li>\n<li>Dise\u00f1ar e implementar estrategias efectivas para la ense\u00f1anza de la gram\u00e1tica y el l\u00e9xico en el aula de ELE<\/li>\n<\/ul>\n<hr \/>\n<p><!-- COPIAR DE AQU\u00cd EN ADELANTE --><\/p>\n<p><a class=\"elea-readmore\" style=\"text-decoration: underline; color: #c2002f;\" href=\"\/fr\/\">En savoir plus...<\/a><\/p>\n<div class=\"elea-readmore-html\" style=\"display: none;\">\n<p><!-- INICIO ZONA A EDITAR -->\n<\/p>\n<p><strong> Descripci\u00f3n:<\/strong>\n<\/p>\n<p>Este curso de actualizaci\u00f3n est\u00e1 dirigido a docentes en formaci\u00f3n o en activo que deseen reflexionar sobre su pr\u00e1ctica docente y actualizar sus conocimientos metodol\u00f3gicos en la ense\u00f1anza del espa\u00f1ol como lengua extranjera (ELE). A trav\u00e9s de un enfoque pr\u00e1ctico y reflexivo, se abordar\u00e1n t\u00e9cnicas y estrategias para la ense\u00f1anza de la gram\u00e1tica, el l\u00e9xico, la pronunciaci\u00f3n, la cultura y la interculturalidad. Adem\u00e1s, se explorar\u00e1n temas como la planificaci\u00f3n did\u00e1ctica, el dise\u00f1o de actividades, el desarrollo de las destrezas\n<\/p>\n<p>Este espacio de actualizaci\u00f3n y debate docente permitir\u00e1 intercambiar experiencias, revisar tendencias metodol\u00f3gicas actuales y desarrollar herramientas para optimizar la ense\u00f1anza del ELE en diferentes contextos.\n<\/p>\n<p><strong>Competencias que se tratan:<\/strong><\/p>\n<p>&nbsp;<\/p>\n<ol>\n<li style=\"list-style-type: none;\">\n<ol>\n<li>Espa\u00f1ol<\/li>\n<li>Actualizaci\u00f3n metodol\u00f3gica<\/li>\n<li>Did\u00e1ctica<\/li>\n<li>Planificaci\u00f3n de clases<\/li>\n<\/ol>\n<\/li>\n<\/ol>\n<p><!-- FIN ZONA A EDITAR --><\/p>\n<p><!-- COPIAR ESTO TAMBIEN --><\/p>\n<\/div>","protected":false},"excerpt":{"rendered":"<div class=\"nebrija-product-short-description-wrapper\">\n<p class=\"nebrija-product-short-description\"><strong><i class=\"ion-person\"><\/i> Curso destinado a:<\/strong><span class=\"nebrija-product-short-description-separator\"> Profesores de espa\u00f1ol con poca experiencia docente, y estudiantes de \u00faltimos cursos del grado en Filolog\u00eda Hisp\u00e1nica u otros similares y que deseen ser profesores de espa\u00f1ol en el futuro. <\/span><\/p>\n<p class=\"nebrija-product-short-description\"><strong><i class=\"ion-calendar\"><\/i> Duraci\u00f3n:<\/strong><span class=\"nebrija-product-short-description-separator\">10 h<\/span><\/p>\n<p class=\"nebrija-product-short-description\"><strong><i class=\"ion-person\"><\/i>100% en l\u00ednea <\/strong><span class=\"nebrija-product-short-description-separator\"> Curso s\u00edncrono con profesor en directo <\/span><\/p>\n<p class=\"nebrija-product-short-description\"><strong><i class=\"ion-easel\"><\/i> Fecha y horario: <\/strong><span class=\"nebrija-product-short-description-separator\">5 al 9 de mayo Hora: 13:00 a 15:00<\/span><\/p>\n<p class=\"nebrija-product-short-description\"><strong><i class=\"ion-ios-pie-outline\"><\/i> Domaine: <\/strong><span class=\"nebrija-product-short-description-separator\">M\u00d3DULO DE FORMACI\u00d3N DEL PROFESORADO <\/span><\/p>\n<\/div>\n<div class=\"nebrija-product-short-description-wrapper\">\n<p class=\"nebrija-product-short-description\"><strong><i class=\"ion-android-globe\"><\/i> Lenguaje <\/strong><span class=\"nebrija-product-short-description-separator\">Espa\u00f1ol<\/span><\/p>\n<p class=\"nebrija-product-short-description\"><strong>Certificado: <\/strong><span class=\"nebrija-product-short-description-separator\">al finalizar el m\u00f3dulo, los participantes recibir\u00e1n un certificado de aprovechamiento.<\/span><\/p>\n<p class=\"nebrija-product-short-description\"><strong><i class=\"ion-ios-monitor-outline\"><\/i> Niveau d'espagnol minimum conseill\u00e9 : <\/strong><br \/>\n<span class=\"nebrija-product-short-description-separator\" style=\"color: #333333;\"><br \/>\nA1.1 A1.2 A2.1 A2.2<br \/>\nB1.1 B1.2<span style=\"color: #ff0000; width: auto;\"> B2.1 <\/span> B2.2<br \/>\nC1.1 C1.2<br \/>\n<\/span><\/p>\n<\/div>\n<p>&nbsp;<\/p>\n<p>&nbsp;<\/p>","protected":false},"featured_media":3773,"comment_status":"closed","ping_status":"closed","template":"","meta":[],"product_cat":[20,45],"product_tag":[],"_links":{"self":[{"href":"https:\/\/www.spanishglobalnebrija.com\/fr\/wp-json\/wp\/v2\/product\/3762"}],"collection":[{"href":"https:\/\/www.spanishglobalnebrija.com\/fr\/wp-json\/wp\/v2\/product"}],"about":[{"href":"https:\/\/www.spanishglobalnebrija.com\/fr\/wp-json\/wp\/v2\/types\/product"}],"replies":[{"embeddable":true,"href":"https:\/\/www.spanishglobalnebrija.com\/fr\/wp-json\/wp\/v2\/comments?post=3762"}],"wp:featuredmedia":[{"embeddable":true,"href":"https:\/\/www.spanishglobalnebrija.com\/fr\/wp-json\/wp\/v2\/media\/3773"}],"wp:attachment":[{"href":"https:\/\/www.spanishglobalnebrija.com\/fr\/wp-json\/wp\/v2\/media?parent=3762"}],"wp:term":[{"taxonomy":"product_cat","embeddable":true,"href":"https:\/\/www.spanishglobalnebrija.com\/fr\/wp-json\/wp\/v2\/product_cat?post=3762"},{"taxonomy":"product_tag","embeddable":true,"href":"https:\/\/www.spanishglobalnebrija.com\/fr\/wp-json\/wp\/v2\/product_tag?post=3762"}],"curies":[{"name":"wp","href":"https:\/\/api.w.org\/{rel}","templated":true}]}}