{"id":3664,"date":"2025-03-12T12:54:40","date_gmt":"2025-03-12T12:54:40","guid":{"rendered":"https:\/\/www.spanishglobalnebrija.com\/?post_type=product&#038;p=3664"},"modified":"2025-06-05T15:39:04","modified_gmt":"2025-06-05T15:39:04","slug":"a2-1-tt-0425","status":"publish","type":"product","link":"https:\/\/www.spanishglobalnebrija.com\/fr\/producto\/a2-1-tt-0425\/","title":{"rendered":"A2.1 TT 0425"},"content":{"rendered":"<p><strong>Level: A2.1\u2013 Actfl-100<\/strong><\/p>\n<p><strong>Date d'entr\u00e9e en fonction : <span style=\"color: #ff0000; width: auto;\">\u00a0April 2025<\/span><br \/>\n<\/strong>\n<\/p>\n<p>A l'issue de ce cours, vous serez en mesure de<\/p>\n<ul style=\"font-weight: 400;\">\n<li>Share your preferences about free time activities.<\/li>\n<li>Describe people.<\/li>\n<li>Use simple expressions to talk about family and relationships.<\/li>\n<li>Interact in public spaces such as cafes, bars and restaurants.<\/li>\n<li>Write simple texts such as short descriptions and dialogues.<\/li>\n<\/ul>\n<hr \/>\n<p><!-- COPIAR DE AQU\u00cd EN ADELANTE --><\/p>\n<p><a class=\"elea-readmore\" style=\"text-decoration: underline; color: #c2002f;\" href=\"\/fr\/\">En savoir plus...<\/a><\/p>\n<div class=\"elea-readmore-html\" style=\"display: none;\">\n<p><!-- INICIO ZONA A EDITAR --><\/p>\n<p><strong>Description du cours :<\/strong> Course that aims at starting communication in Spanish under a functional and communicative approach. The students learn basic communicative contents to get by in simple daily life situations. Materials of sociocultural nature are used during the course.<\/p>\n<p>&nbsp;<\/p>\n<p><strong>Habilidades no idioma espanhol e palavras-chave<\/strong><\/p>\n<p>&nbsp;<\/p>\n<ol>\n<li>Comprendre<\/li>\n<li>Communication<\/li>\n<li>Grammaire<\/li>\n<li>Discours<\/li>\n<\/ol>\n<p><!-- FIN ZONA A EDITAR --><\/p>\n<p><!-- COPIAR ESTO TAMBIEN --><\/p>\n<\/div>","protected":false},"excerpt":{"rendered":"<div class=\"nebrija-product-short-description-wrapper\">\n<p class=\"nebrija-product-short-description\"><strong><i class=\"ion-calendar\"><\/i> Dur\u00e9e du cours : <\/strong><span class=\"nebrija-product-short-description-separator\">30 heures\/10 semaines<\/span><\/p>\n<p class=\"nebrija-product-short-description\"><strong><i class=\"ion-person\"><\/i>Cours hebdomadaires en direct <\/strong><span class=\"nebrija-product-short-description-separator\"> avec un enseignant natif <\/span><\/p>\n<p class=\"nebrija-product-short-description\"><strong><i class=\"ion-calendar\"><\/i>Plate-forme d'apprentissage interactive disponible<\/strong><span class=\"nebrija-product-short-description-separator\">d'approfondir et de r\u00e9viser ce qui a \u00e9t\u00e9 appris en classe.<\/span><\/p>\n<p class=\"nebrija-product-short-description\"><strong><i class=\"ion-easel\"><\/i> Date d'entr\u00e9e en fonction : <\/strong><span class=\"nebrija-product-short-description-separator\">April 2025<\/span><\/p>\n<p class=\"nebrija-product-short-description\"><strong><i class=\"ion-easel\"><\/i>Horaire : <\/strong><span class=\"nebrija-product-short-description-separator\"> Tuesday &#038; Thursday from 14:50 to 16:10<\/span><\/p>\n<p class=\"nebrija-product-short-description\"><strong><i class=\"ion-android-stopwatch\"><\/i>Engagement recommand\u00e9 pour le cours : <\/strong><span class=\"nebrija-product-short-description-separator\">3 heures de cours par semaine plus des t\u00e2ches compl\u00e9mentaires<\/span><\/p>\n<p class=\"nebrija-product-short-description\"><strong><i class=\"ion-ios-pie-outline\"><\/i> Domaine: <\/strong><span class=\"nebrija-product-short-description-separator\">Cours de langue<\/span><\/p>\n<\/div>\n<div class=\"nebrija-product-short-description-wrapper\">\n<p class=\"nebrija-product-short-description\"><strong><i class=\"ion-android-globe\"><\/i> Langue : <\/strong><span class=\"nebrija-product-short-description-separator\">Espagnol<\/span><\/p>\n<p class=\"nebrija-product-short-description\"><strong>Certificat de fin d'\u00e9tudes : <\/strong><span class=\"nebrija-product-short-description-separator\">A la fin du cours, une fois que les exigences du cours ont \u00e9t\u00e9 remplies avec succ\u00e8s. <\/span><\/p>\n<p class=\"nebrija-product-short-description\"><strong><i class=\"ion-ios-monitor-outline\"><\/i> Niveau d'espagnol minimum conseill\u00e9 : <\/strong><br \/>\n<span class=\"nebrija-product-short-description-separator\" style=\"color: #333333;\"><br \/>\nA1.1  A1.2<span style=\"color: #ff0000; width: auto;\">A2.1 <\/span> A2.2<br \/>\nB1.1 B1.2 B2.1 B2.2<br \/>\nC1.1 C1.2<br \/>\n<\/span><\/p>\n<p>&nbsp;<\/p>\n<\/div>","protected":false},"featured_media":2615,"comment_status":"closed","ping_status":"closed","template":"","meta":[],"product_cat":[20,43],"product_tag":[],"_links":{"self":[{"href":"https:\/\/www.spanishglobalnebrija.com\/fr\/wp-json\/wp\/v2\/product\/3664"}],"collection":[{"href":"https:\/\/www.spanishglobalnebrija.com\/fr\/wp-json\/wp\/v2\/product"}],"about":[{"href":"https:\/\/www.spanishglobalnebrija.com\/fr\/wp-json\/wp\/v2\/types\/product"}],"replies":[{"embeddable":true,"href":"https:\/\/www.spanishglobalnebrija.com\/fr\/wp-json\/wp\/v2\/comments?post=3664"}],"wp:featuredmedia":[{"embeddable":true,"href":"https:\/\/www.spanishglobalnebrija.com\/fr\/wp-json\/wp\/v2\/media\/2615"}],"wp:attachment":[{"href":"https:\/\/www.spanishglobalnebrija.com\/fr\/wp-json\/wp\/v2\/media?parent=3664"}],"wp:term":[{"taxonomy":"product_cat","embeddable":true,"href":"https:\/\/www.spanishglobalnebrija.com\/fr\/wp-json\/wp\/v2\/product_cat?post=3664"},{"taxonomy":"product_tag","embeddable":true,"href":"https:\/\/www.spanishglobalnebrija.com\/fr\/wp-json\/wp\/v2\/product_tag?post=3664"}],"curies":[{"name":"wp","href":"https:\/\/api.w.org\/{rel}","templated":true}]}}