{"id":2364,"date":"2024-06-21T12:35:31","date_gmt":"2024-06-21T12:35:31","guid":{"rendered":"http:\/\/www.spanishglobalnebrija.com\/?post_type=product&#038;p=2364"},"modified":"2024-06-21T12:47:06","modified_gmt":"2024-06-21T12:47:06","slug":"spanish-language-course-a1-1-live-china","status":"publish","type":"product","link":"https:\/\/www.spanishglobalnebrija.com\/fr\/producto\/spanish-language-course-a1-1-live-china\/","title":{"rendered":"Spanish Language Course A1.1                                                LIVE (China)"},"content":{"rendered":"<\/p>\n<p><strong>Niveau : A1.1- Actefl-100<\/strong>\n<\/p>\n<p><strong>Date d'entr\u00e9e en fonction : <span style=\"color: #ff0000; width: auto;\">\u00a0July 8th 2024<\/span><br \/>\n<\/strong>\n<\/p>\n<p>A l'issue de ce cours, vous serez en mesure de<\/p>\n<ul style=\"font-weight: 400;\">\n<li>Greet and introduce yourself.<\/li>\n<li>Exchange personal data.<\/li>\n<li>Talk with simple phrases about your close environment.<\/li>\n<li>Talk about habitual activities.<\/li>\n<li>Read basic texts.<\/li>\n<\/ul>\n<hr \/>\n<p><!-- COPIAR DE AQU\u00cd EN ADELANTE --><\/p>\n<p><a class=\"elea-readmore\" style=\"text-decoration: underline; color: #c2002f;\" href=\"\/fr\/\">En savoir plus...<\/a><\/p>\n<div class=\"elea-readmore-html\" style=\"display: none;\">\n<p><!-- INICIO ZONA A EDITAR -->\n<\/p>\n<p><strong>Description du cours :<\/strong> Cours qui vise \u00e0 d\u00e9buter la communication en espagnol selon une approche fonctionnelle et communicative.  Les \u00e9tudiants apprennent les contenus communicatifs de base pour se d\u00e9brouiller dans des situations simples de la vie quotidienne.  Des mat\u00e9riaux de nature socioculturelle sont utilis\u00e9s pendant le cours.<\/p>\n<p>&nbsp;\n<\/p>\n<p><strong>Habilidades no idioma espanhol e palavras-chave<\/strong><\/p>\n<p>&nbsp;<\/p>\n<ol>\n<li>Comprendre<\/li>\n<li>Communication<\/li>\n<li>Grammaire<\/li>\n<li>Discours<\/li>\n<\/ol>\n<p><!-- FIN ZONA A EDITAR --><\/p>\n<p><!-- COPIAR ESTO TAMBIEN --><\/p>\n<\/div>","protected":false},"excerpt":{"rendered":"<div class=\"nebrija-product-short-description-wrapper\">\n<p class=\"nebrija-product-short-description\"><strong><i class=\"ion-calendar\"><\/i> Dur\u00e9e du cours : <\/strong><span class=\"nebrija-product-short-description-separator\">30 heures<\/span><\/p>\n<p class=\"nebrija-product-short-description\"><strong><i class=\"ion-person\"><\/i>Cours hebdomadaires en direct <\/strong><span class=\"nebrija-product-short-description-separator\"> taught by Chinese and Spanish teachers<\/span><\/p>\n<p class=\"nebrija-product-short-description\"><strong><i class=\"ion-calendar\"><\/i>Live classes <\/strong><span class=\"nebrija-product-short-description-separator\">through the VooV Meeting platform<\/span><\/p>\n<p class=\"nebrija-product-short-description\"><strong><i class=\"ion-easel\"><\/i> Date d'entr\u00e9e en fonction : <\/strong><span class=\"nebrija-product-short-description-separator\">July 8th to 29th July, 2024<\/span><\/p>\n<p class=\"nebrija-product-short-description\"><strong><i class=\"ion-easel\"><\/i>Horaire : <\/strong><span class=\"nebrija-product-short-description-separator\">Monday, Thursday and Friday from 1:30pm to 4:30 pm<\/span><\/p>\n<p class=\"nebrija-product-short-description\"><strong><i class=\"ion-android-stopwatch\"><\/i>Engagement recommand\u00e9 pour le cours : <\/strong><span class=\"nebrija-product-short-description-separator\"> 3 hours\/3 days a week<\/span><\/p>\n<p class=\"nebrija-product-short-description\"><strong><i class=\"ion-ios-pie-outline\"><\/i> Domaine: <\/strong><span class=\"nebrija-product-short-description-separator\">Cours de langue<\/span><\/p>\n<\/div>\n<div class=\"nebrija-product-short-description-wrapper\">\n<p class=\"nebrija-product-short-description\"><strong><i class=\"ion-android-globe\"><\/i> Langue : <\/strong><span class=\"nebrija-product-short-description-separator\">Spanish and Chinese<\/span><\/p>\n<p class=\"nebrija-product-short-description\"><strong>Certificat de fin d'\u00e9tudes : <\/strong><span class=\"nebrija-product-short-description-separator\">A la fin du cours, une fois que les exigences du cours ont \u00e9t\u00e9 remplies avec succ\u00e8s. <\/span><\/p>\n<p class=\"nebrija-product-short-description\"><strong><i class=\"ion-ios-monitor-outline\"><\/i> Niveau d'espagnol minimum conseill\u00e9 : <\/strong><br \/>\n<span class=\"nebrija-product-short-description-separator\" style=\"color: #333333;\"><br \/>\n<span style=\"color: #ff0000; width: auto;\">A1.1<\/span> A1.2 A2.1 A2.2<br \/>\nB1.1 B1.2 B2.1 B2.2<br \/>\nC1.1 C1.2<br \/>\n<\/span><\/p>\n<\/div>","protected":false},"featured_media":2003,"comment_status":"closed","ping_status":"closed","template":"","meta":[],"product_cat":[20,42],"product_tag":[],"_links":{"self":[{"href":"https:\/\/www.spanishglobalnebrija.com\/fr\/wp-json\/wp\/v2\/product\/2364"}],"collection":[{"href":"https:\/\/www.spanishglobalnebrija.com\/fr\/wp-json\/wp\/v2\/product"}],"about":[{"href":"https:\/\/www.spanishglobalnebrija.com\/fr\/wp-json\/wp\/v2\/types\/product"}],"replies":[{"embeddable":true,"href":"https:\/\/www.spanishglobalnebrija.com\/fr\/wp-json\/wp\/v2\/comments?post=2364"}],"wp:featuredmedia":[{"embeddable":true,"href":"https:\/\/www.spanishglobalnebrija.com\/fr\/wp-json\/wp\/v2\/media\/2003"}],"wp:attachment":[{"href":"https:\/\/www.spanishglobalnebrija.com\/fr\/wp-json\/wp\/v2\/media?parent=2364"}],"wp:term":[{"taxonomy":"product_cat","embeddable":true,"href":"https:\/\/www.spanishglobalnebrija.com\/fr\/wp-json\/wp\/v2\/product_cat?post=2364"},{"taxonomy":"product_tag","embeddable":true,"href":"https:\/\/www.spanishglobalnebrija.com\/fr\/wp-json\/wp\/v2\/product_tag?post=2364"}],"curies":[{"name":"wp","href":"https:\/\/api.w.org\/{rel}","templated":true}]}}