{"id":1640,"date":"2023-06-16T08:23:15","date_gmt":"2023-06-16T08:23:15","guid":{"rendered":"http:\/\/www.spanishglobalnebrija.com\/?post_type=product&#038;p=1640"},"modified":"2023-07-27T16:10:23","modified_gmt":"2023-07-27T16:10:23","slug":"lengua-espanola-b2-2","status":"publish","type":"product","link":"https:\/\/www.spanishglobalnebrija.com\/fr\/producto\/lengua-espanola-b2-2\/","title":{"rendered":"Cours d'espagnol B2.2"},"content":{"rendered":"<p>\n<strong>Niveau: B2.2\u2013 Actfl-350<\/strong>\n<\/p>\n<p>A l'issue de ce cours, vous serez en mesure de<\/p>\n<ul style=\"font-weight: 400;\">\n<li data-leveltext=\"\uf0b7\" data-font=\"Symbol\" data-listid=\"3\" data-list-defn-props=\"{&quot;335552541&quot;:1,&quot;335559684&quot;:-2,&quot;335559685&quot;:720,&quot;335559991&quot;:360,&quot;469769226&quot;:&quot;Symbol&quot;,&quot;469769242&quot;:[8226],&quot;469777803&quot;:&quot;left&quot;,&quot;469777804&quot;:&quot;\uf0b7&quot;,&quot;469777815&quot;:&quot;multilevel&quot;}\" aria-setsize=\"-1\" data-aria-posinset=\"1\" data-aria-level=\"1\"><span data-contrast=\"auto\">Comprendre les id\u00e9es principales d'un texte complexe sur des sujets concrets ou abstraits, y compris des discussions techniques dans un domaine de connaissance sp\u00e9cifique.<\/span><span data-ccp-props=\"{&quot;201341983&quot;:0,&quot;335559740&quot;:259}\">\u00a0<\/span><\/li>\n<li data-leveltext=\"\uf0b7\" data-font=\"Symbol\" data-listid=\"3\" data-list-defn-props=\"{&quot;335552541&quot;:1,&quot;335559684&quot;:-2,&quot;335559685&quot;:720,&quot;335559991&quot;:360,&quot;469769226&quot;:&quot;Symbol&quot;,&quot;469769242&quot;:[8226],&quot;469777803&quot;:&quot;left&quot;,&quot;469777804&quot;:&quot;\uf0b7&quot;,&quot;469777815&quot;:&quot;multilevel&quot;}\" aria-setsize=\"-1\" data-aria-posinset=\"2\" data-aria-level=\"1\"><span data-contrast=\"auto\">Interagir avec un degr\u00e9 d'aisance et de spontan\u00e9it\u00e9 tel qu'une interaction r\u00e9guli\u00e8re avec des locuteurs natifs est tout \u00e0 fait possible sans contrainte pour l'une ou l'autre des parties.<\/span><span data-ccp-props=\"{&quot;201341983&quot;:0,&quot;335559740&quot;:259}\">\u00a0<\/span><\/li>\n<li data-leveltext=\"\uf0b7\" data-font=\"Symbol\" data-listid=\"3\" data-list-defn-props=\"{&quot;335552541&quot;:1,&quot;335559684&quot;:-2,&quot;335559685&quot;:720,&quot;335559991&quot;:360,&quot;469769226&quot;:&quot;Symbol&quot;,&quot;469769242&quot;:[8226],&quot;469777803&quot;:&quot;left&quot;,&quot;469777804&quot;:&quot;\uf0b7&quot;,&quot;469777815&quot;:&quot;multilevel&quot;}\" aria-setsize=\"-1\" data-aria-posinset=\"3\" data-aria-level=\"1\"><span data-contrast=\"auto\">Produire un texte clair et d\u00e9taill\u00e9 sur un large \u00e9ventail de sujets et expliquer un point de vue sur une question d'actualit\u00e9 en donnant les avantages et les inconv\u00e9nients de diff\u00e9rentes options.<\/span><span data-ccp-props=\"{&quot;201341983&quot;:0,&quot;335559740&quot;:259}\">\u00a0<\/span><\/li>\n<\/ul>\n<hr \/>\n<p><!-- COPIAR DE AQU\u00cd EN ADELANTE --><\/p>\n<p><a class=\"elea-readmore\" style=\"text-decoration: underline; color: #c2002f;\" href=\"\/fr\/\">En savoir plus...<\/a><\/p>\n<div class=\"elea-readmore-html\" style=\"display: none;\">\n<p><!-- INICIO ZONA A EDITAR --><br \/>\n<strong>Description du cours :<\/strong> Un cours ax\u00e9 sur la pratique de la compr\u00e9hension orale et \u00e9crite tout en acqu\u00e9rant le contenu fonctionnel typique du niveau B2.2 \u00e0 travers l'\u00e9tude et la pratique des structures grammaticales. \n\nTout au long du cours, les \u00e9tudiants lisent, commentent et discutent diff\u00e9rents types de textes.<\/p>\n<p><strong>Comp\u00e9tences linguistiques<\/strong><\/p>\n<p>&nbsp;<\/p>\n<ol>\n<li>Comprendre<\/li>\n<li>Communication<\/li>\n<li>Grammaire<\/li>\n<li>Discours<\/li>\n<\/ol>\n<p><!-- FIN ZONA A EDITAR --><\/p>\n<p><!-- COPIAR ESTO TAMBIEN --><\/p>\n<\/div>","protected":false},"excerpt":{"rendered":"<div class=\"nebrija-product-short-description-wrapper\">\n<p class=\"nebrija-product-short-description\"><strong><i class=\"ion-calendar\"> <\/i> Dur\u00e9e du cours : <\/strong><span class=\"nebrija-product-short-description-separator\">30 heures<\/span><\/p>\n<p class=\"nebrija-product-short-description\"><strong><i class=\"ion-person\"><\/i> Un cours destin\u00e9 \u00e0: <\/strong><span class=\"nebrija-product-short-description-separator\">Personnes souhaitant apprendre l'espagnol pour des raisons personnelles ou professionnelles<\/span><\/p>\n<p class=\"nebrija-product-short-description\"><strong><i class=\"ion-calendar\"><\/i>Acc\u00e8s libre \u00e0 la plateforme : <\/strong><span class=\"nebrija-product-short-description-separator\">12 semaines<\/span><\/p>\n<p class=\"nebrija-product-short-description\"><strong><i class=\"ion-easel\"><\/i> Cours 100% en ligne <\/strong><span class=\"nebrija-product-short-description-separator\">Commencez imm\u00e9diatement et apprenez \u00e0 votre rythme<\/span><\/p>\n<p class=\"nebrija-product-short-description\"><strong><i class=\"ion-easel\"><\/i>Support technique : <\/strong><span class=\"nebrija-product-short-description-separator\">Demander \u00e0 un tuteur de r\u00e9soudre des probl\u00e8mes techniques <\/span><\/p>\n<p class=\"nebrija-product-short-description\"><strong><i class=\"ion-android-stopwatch\"><\/i>Engagement recommand\u00e9 pour le cours :<\/strong><span class=\"nebrija-product-short-description-separator\">2,5 heures par semaine<\/span><\/p>\n<p class=\"nebrija-product-short-description\"><strong><i class=\"ion-card\"><\/i>\u00c9largissez votre processus d'apprentissage : <\/strong><span class=\"nebrija-product-short-description-separator\">Ajouter des cours particuliers en direct avec un instructeur : 15\u20ac \/ 30min. | 25\u20ac \/ 1h<\/span><\/p>\n<p class=\"nebrija-product-short-description\"><strong><i class=\"ion-ios-pie-outline\"><\/i> Domaine: <\/strong><span class=\"nebrija-product-short-description-separator\">Cours de langue<\/span><\/p>\n<\/div>\n<div class=\"nebrija-product-short-description-wrapper\">\n<p class=\"nebrija-product-short-description\"><strong><i class=\"ion-android-globe\"><\/i> Langue : <\/strong><span class=\"nebrija-product-short-description-separator\">Espagnol<\/span><\/p>\n<p class=\"nebrija-product-short-description\"><strong><i class=\"ion-ios-paper-outline\"><\/i>Certificat de fin d'\u00e9tudes : <\/strong><span class=\"nebrija-product-short-description-separator\">A la fin du cours, une fois que les exigences du cours ont \u00e9t\u00e9 remplies avec succ\u00e8s. <\/span><\/p>\n<p class=\"nebrija-product-short-description\"><strong><i class=\"ion-ios-monitor-outline\"><\/i> Niveau d'espagnol minimum conseill\u00e9 : <\/strong><br \/>\nA1.1 A1.2 A2.1 A2.2<br \/>\nB1.1 B1.2 B2.1<span style=\"color: #ff0000; width: auto;\">&nbsp;B2.2 <\/span><br \/>\nC1.1 C1.2<\/p>\n<\/div>","protected":false},"featured_media":1767,"comment_status":"closed","ping_status":"closed","template":"","meta":[],"product_cat":[20,25],"product_tag":[],"_links":{"self":[{"href":"https:\/\/www.spanishglobalnebrija.com\/fr\/wp-json\/wp\/v2\/product\/1640"}],"collection":[{"href":"https:\/\/www.spanishglobalnebrija.com\/fr\/wp-json\/wp\/v2\/product"}],"about":[{"href":"https:\/\/www.spanishglobalnebrija.com\/fr\/wp-json\/wp\/v2\/types\/product"}],"replies":[{"embeddable":true,"href":"https:\/\/www.spanishglobalnebrija.com\/fr\/wp-json\/wp\/v2\/comments?post=1640"}],"wp:featuredmedia":[{"embeddable":true,"href":"https:\/\/www.spanishglobalnebrija.com\/fr\/wp-json\/wp\/v2\/media\/1767"}],"wp:attachment":[{"href":"https:\/\/www.spanishglobalnebrija.com\/fr\/wp-json\/wp\/v2\/media?parent=1640"}],"wp:term":[{"taxonomy":"product_cat","embeddable":true,"href":"https:\/\/www.spanishglobalnebrija.com\/fr\/wp-json\/wp\/v2\/product_cat?post=1640"},{"taxonomy":"product_tag","embeddable":true,"href":"https:\/\/www.spanishglobalnebrija.com\/fr\/wp-json\/wp\/v2\/product_tag?post=1640"}],"curies":[{"name":"wp","href":"https:\/\/api.w.org\/{rel}","templated":true}]}}