{"id":4602,"date":"2026-02-23T15:10:58","date_gmt":"2026-02-23T15:10:58","guid":{"rendered":"https:\/\/www.spanishglobalnebrija.com\/?post_type=product&#038;p=4602"},"modified":"2026-04-09T08:44:51","modified_gmt":"2026-04-09T08:44:51","slug":"taller-escritura-creativa","status":"publish","type":"product","link":"https:\/\/www.spanishglobalnebrija.com\/es\/producto\/taller-escritura-creativa\/","title":{"rendered":"TALLER SEMANAL DE ESCRITURA CREATIVA"},"content":{"rendered":"<p><strong><span style=\"color: #ff0000; width: auto;\"><\/span><br \/>\n<\/strong>\n<\/p>\n<p>ATR\u00c9VETE A ESCRIBIR:<\/p>\n<ul style=\"font-weight: 400;\">\n<li>Nuestro <strong>curso de escritura creativa<\/strong> en prosa<br \/>\nes un espacio pensado para personas <strong>adultas<br \/>\nde cualquier edad y formaci\u00f3n<\/strong>, con o sin<br \/>\nexperiencia previa, que quieran dedicar <strong>tres<br \/>\nhoras a la semana<\/strong> a escribir, experimentar y<br \/>\ndescubrir su propia voz.<\/li>\n<\/ul>\n<hr \/>\n<p><!-- COPIAR DE AQU\u00cd EN ADELANTE --><\/p>\n<p><a class=\"elea-readmore\" style=\"text-decoration: underline; color: #c2002f;\" href=\"\/es\/\">Read more&#8230;<\/a><\/p>\n<div class=\"elea-readmore-html\" style=\"display: none;\">\n<p><!-- INICIO ZONA A EDITAR --><\/p>\n<p>A trav\u00e9s del <strong>relato breve<\/strong>, aprender\u00e1s escribiendo<br \/>\ncon propuestas claras, ejercicios creativos y retos<br \/>\nque te ayudar\u00e1n a desbloquearte, avanzar y<br \/>\ndisfrutar del proceso. Trabajaremos los elementos<br \/>\nclave de la ficci\u00f3n \u2014personajes que importan,<br \/>\ntramas que enganchan, una voz propia, ritmo<br \/>\ny econom\u00eda narrativa\u2014 de forma pr\u00e1ctica y<br \/>\naccesible.<br \/>\nAdem\u00e1s, aprender\u00e1s a <strong>leer y revisar textos de<br \/>\nautores de referencia en el relato<\/strong>. Veremos<br \/>\nerrores habituales (para dejar de cometerlos),<br \/>\nhablaremos de coherencia, estilo y correcci\u00f3n, y<br \/>\ncompartiremos lecturas breves que inspiren y den<br \/>\nideas.<\/p>\n<p>&nbsp;<\/p>\n<p><strong><\/strong><\/p>\n<p>&nbsp;<\/p>\n<ol>\n<\/ol>\n<p><!-- FIN ZONA A EDITAR --><\/p>\n<p><!-- COPIAR ESTO TAMBIEN --><\/p>\n<\/div>","protected":false},"excerpt":{"rendered":"<div class=\"nebrija-product-short-description-wrapper\">\n<p class=\"nebrija-product-short-description\"><strong><i class=\"ion-calendar\"><\/i> Duraci\u00f3n del curso: <\/strong><span class=\"nebrija-product-short-description-separator\">18 horas (15h presenciales +3h online)\/ 5 semanas<\/span><\/p>\n<p class=\"nebrija-product-short-description\"><strong><i class=\"ion-person\"><\/i>Participantes: <\/strong><span class=\"nebrija-product-short-description-separator\"> Adultos espa\u00f1oles interesados en iniciarse o avanzar en la escritura creativa. <\/span><\/p>\n<p class=\"nebrija-product-short-description\"><strong><i class=\"ion-location\"><\/i>Lugar:<\/strong><span class=\"nebrija-product-short-description-separator\">Factor\u00eda Cultural de Avil\u00e9s (Av. de Portugal, 13), Avil\u00e9s<\/span><\/p>\n<p class=\"nebrija-product-short-description\"><strong><i class=\"ion-ios-monitor-outline\"><\/i>Impartido por: <\/strong><span class=\"nebrija-product-short-description-separator\">Hugo Clemente @hgclmnt <\/span><\/p>\n<\/div>\n<div class=\"nebrija-product-short-description-wrapper\">\n<p class=\"nebrija-product-short-description\"><strong><i class=\"ion-calendar\"><\/i> Fechas: <\/strong><span class=\"nebrija-product-short-description-separator\"> del 07\/05\/26 al 04\/06\/26<\/p>\n<p class=\"nebrija-product-short-description\"><strong><i class=\"ion-clock\"><\/i> Horario: <\/strong><span class=\"nebrija-product-short-description-separator\">Jueves de 17 a 20 hs<\/span><\/p>\n<p class=\"nebrija-product-short-description\"><strong><i class=\"ion-ios-pie-outline\"><\/i>Edad: <\/strong><span class=\"nebrija-product-short-description-separator\">A partir de 18 a\u00f1os <\/span><\/p>\n<p class=\"nebrija-product-short-description\"><strong><i class=\"ion-android-stopwatch\"><\/i>Plazas limitadas <\/strong><span class=\"nebrija-product-short-description-separator\">12 <\/span><\/p>\n<\/div>","protected":false},"featured_media":4706,"comment_status":"open","ping_status":"closed","template":"","meta":[],"product_cat":[15],"product_tag":[],"_links":{"self":[{"href":"https:\/\/www.spanishglobalnebrija.com\/es\/wp-json\/wp\/v2\/product\/4602"}],"collection":[{"href":"https:\/\/www.spanishglobalnebrija.com\/es\/wp-json\/wp\/v2\/product"}],"about":[{"href":"https:\/\/www.spanishglobalnebrija.com\/es\/wp-json\/wp\/v2\/types\/product"}],"replies":[{"embeddable":true,"href":"https:\/\/www.spanishglobalnebrija.com\/es\/wp-json\/wp\/v2\/comments?post=4602"}],"wp:featuredmedia":[{"embeddable":true,"href":"https:\/\/www.spanishglobalnebrija.com\/es\/wp-json\/wp\/v2\/media\/4706"}],"wp:attachment":[{"href":"https:\/\/www.spanishglobalnebrija.com\/es\/wp-json\/wp\/v2\/media?parent=4602"}],"wp:term":[{"taxonomy":"product_cat","embeddable":true,"href":"https:\/\/www.spanishglobalnebrija.com\/es\/wp-json\/wp\/v2\/product_cat?post=4602"},{"taxonomy":"product_tag","embeddable":true,"href":"https:\/\/www.spanishglobalnebrija.com\/es\/wp-json\/wp\/v2\/product_tag?post=4602"}],"curies":[{"name":"wp","href":"https:\/\/api.w.org\/{rel}","templated":true}]}}