{"id":594,"date":"2022-06-15T10:23:10","date_gmt":"2022-06-15T10:23:10","guid":{"rendered":"http:\/\/www.spanishglobalnebrija.com\/?post_type=product&#038;p=594"},"modified":"2023-07-27T15:52:53","modified_gmt":"2023-07-27T15:52:53","slug":"espanol-para-policias","status":"publish","type":"product","link":"https:\/\/www.spanishglobalnebrija.com\/br\/producto\/espanol-para-policias\/","title":{"rendered":"Espanhol para Pol\u00edcia"},"content":{"rendered":"<p><strong>FLASH COURSE &#8211; SPANISH FOR WORK <\/strong><\/p>\n<p><strong>N\u00edvel: B1.2 \u2013 Actfl-270<\/strong>\n<\/p>\n<p>Conhe\u00e7a os termos e express\u00f5es em espanhol para permitir uma intercomunica\u00e7\u00e3o eficaz com o p\u00fablico de l\u00edngua espanhola. <\/p>\n<ul>\n<li>Trabalho com terminologia espec\u00edfica no campo de aplica\u00e7\u00e3o da lei e seguran\u00e7a. <\/li>\n<li>Esteja pronto para fazer e responder perguntas em espanhol relacionadas \u00e0 seguran\u00e7a. <\/li>\n<li>Aprofunde-se no vocabul\u00e1rio e nas express\u00f5es em espanhol necess\u00e1rias em pris\u00f5es, problemas de tr\u00e2nsito e outras situa\u00e7\u00f5es relacionadas \u00e0 aplica\u00e7\u00e3o da lei, refletindo sobre os comportamentos culturais dos pa\u00edses de l\u00edngua espanhola e suas diferen\u00e7as em rela\u00e7\u00e3o a outras culturas. <\/li>\n<\/ul>\n<p><!-- COPIAR DE AQU\u00cd EN ADELANTE --><\/p>\n<p><a class=\"elea-readmore\" style=\"text-decoration: underline; color: #c2002f;\" href=\"\/br\/\">Saiba mais\u2026<\/a><\/p>\n<div class=\"elea-readmore-html\" style=\"display: none;\">\n<p><!-- INICIO ZONA A EDITAR --><br \/>\n<strong>Descri\u00e7\u00e3o do curso:<\/strong> This course has been designed for police officers or police academy students who wish to communicate effectively with the Spanish-speaking community.  <\/p>\n<p>Participants will increase their Spanish vocabulary and improve their conversation skills, while learning through images, native pronunciations, readings, quizzes, as well as cultural singularities along the way.\n<\/p>\n<p><strong>Habilidades lingu\u00edsticas<\/strong><\/p>\n<ol>\n<li>Espanhol<\/li>\n<li>Aplica\u00e7\u00e3o da lei<\/li>\n<li>Intercultural<\/li>\n<li>Comunica\u00e7\u00e3o<\/li>\n<li>Fala<\/li>\n<\/ol>\n<p><!-- FIN ZONA A EDITAR --><\/p>\n<p><!-- COPIAR ESTO TAMBIEN --><\/p>\n<\/div>","protected":false},"excerpt":{"rendered":"<div class=\"nebrija-product-short-description-wrapper\">\n<p class=\"nebrija-product-short-description\"><strong><i class=\"ion-calendar\"><\/i> Dura\u00e7\u00e3o do curso: <\/strong><span class=\"nebrija-product-short-description-separator\">10 horas<\/span><\/p>\n<p class=\"nebrija-product-short-description\"><strong><i class=\"ion-person\"><\/i> Um curso destinado a: <\/strong><span class=\"nebrija-product-short-description-separator\"> Profissionais e estudantes das for\u00e7as de seguran\u00e7a<\/span><\/p>\n<p class=\"nebrija-product-short-description\"><strong><i class=\"ion-calendar\"><\/i>Acesso aberto \u00e0 plataforma: <\/strong><span class=\"nebrija-product-short-description-separator\"> 4 semanas<\/span><\/p>\n<p class=\"nebrija-product-short-description\"><strong><i class=\"ion-easel\"><\/i> Curso 100% on-line <\/strong><span class=\"nebrija-product-short-description-separator\">Comece imediatamente e aprenda no seu pr\u00f3prio ritmo<\/span><\/p>\n<p class=\"nebrija-product-short-description\"><strong><i class=\"ion-easel\"><\/i>Suporte t\u00e9cnico:<\/strong><span class=\"nebrija-product-short-description-separator\">Solicite a um tutor a solu\u00e7\u00e3o de problemas t\u00e9cnicos <\/span><\/p>\n<p class=\"nebrija-product-short-description\"><strong><i class=\"ion-android-stopwatch\"><\/i>Compromisso recomendado com o curso:<\/strong><span class=\"nebrija-product-short-description-separator\"> 2,5 horas por semana<\/span><\/p>\n<p class=\"nebrija-product-short-description\"><strong><i class=\"ion-card\"><\/i>Amplie seu processo de aprendizagem: <\/strong><span class=\"nebrija-product-short-description-separator\">Adicione aulas individuais ao vivo com um instrutor: 15 euros \/ 30 min. | 25\u20ac \/ 1h<\/span><\/p>\n<p class=\"nebrija-product-short-description\"><strong><i class=\"ion-ios-pie-outline\"><\/i> \u00c1rea: <\/strong><span class=\"nebrija-product-short-description-separator\">For\u00e7as de seguran\u00e7a\/pol\u00edcia<\/span><\/p>\n<\/div>\n<div class=\"nebrija-product-short-description-wrapper\">\n<p class=\"nebrija-product-short-description\"><strong><i class=\"ion-android-globe\"><\/i> Idioma: <\/strong><span class=\"nebrija-product-short-description-separator\">Espanhol<\/span><\/p>\n<p class=\"nebrija-product-short-description\"><strong><i class=\"ion-ios-paper-outline\"><\/i>Certificado de conclus\u00e3o: <\/strong><span class=\"nebrija-product-short-description-separator\">Ao final do curso, ap\u00f3s a conclus\u00e3o bem-sucedida de seus requisitos <\/span><\/p>\n<p class=\"nebrija-product-short-description\"><strong><i class=\"ion-ios-monitor-outline\"><\/i> N\u00edvel m\u00ednimo de espanhol recomend\u00e1vel: <\/strong><span class=\"nebrija-product-short-description-separator\" style=\"color: #333333;\"> A1.1 A1.2 A2.1 A2.2<br \/>\nB1.1 <span style=\"color: #ff0000; width: auto;\"> B1.2 <\/span> B2.1  B2.2<br \/>\nC1.1 C1.2<br \/>\n<\/span><\/p>\n<\/div>","protected":false},"featured_media":788,"comment_status":"closed","ping_status":"closed","template":"","meta":[],"product_cat":[20,24],"product_tag":[],"_links":{"self":[{"href":"https:\/\/www.spanishglobalnebrija.com\/br\/wp-json\/wp\/v2\/product\/594"}],"collection":[{"href":"https:\/\/www.spanishglobalnebrija.com\/br\/wp-json\/wp\/v2\/product"}],"about":[{"href":"https:\/\/www.spanishglobalnebrija.com\/br\/wp-json\/wp\/v2\/types\/product"}],"replies":[{"embeddable":true,"href":"https:\/\/www.spanishglobalnebrija.com\/br\/wp-json\/wp\/v2\/comments?post=594"}],"wp:featuredmedia":[{"embeddable":true,"href":"https:\/\/www.spanishglobalnebrija.com\/br\/wp-json\/wp\/v2\/media\/788"}],"wp:attachment":[{"href":"https:\/\/www.spanishglobalnebrija.com\/br\/wp-json\/wp\/v2\/media?parent=594"}],"wp:term":[{"taxonomy":"product_cat","embeddable":true,"href":"https:\/\/www.spanishglobalnebrija.com\/br\/wp-json\/wp\/v2\/product_cat?post=594"},{"taxonomy":"product_tag","embeddable":true,"href":"https:\/\/www.spanishglobalnebrija.com\/br\/wp-json\/wp\/v2\/product_tag?post=594"}],"curies":[{"name":"wp","href":"https:\/\/api.w.org\/{rel}","templated":true}]}}