{"id":586,"date":"2022-06-15T09:23:29","date_gmt":"2022-06-15T09:23:29","guid":{"rendered":"http:\/\/www.spanishglobalnebrija.com\/?post_type=product&#038;p=586"},"modified":"2023-07-27T15:04:31","modified_gmt":"2023-07-27T15:04:31","slug":"espanol-para-fisioterapia","status":"publish","type":"product","link":"https:\/\/www.spanishglobalnebrija.com\/br\/producto\/espanol-para-fisioterapia\/","title":{"rendered":"Ci\u00eancias da Sa\u00fade: Fisioterapia"},"content":{"rendered":"<p><strong>CURSO FLASH - ESPANHOL PARA O TRABALHO<\/strong>\n<\/p>\n<p><strong>N\u00edvel: B2.1\/B2.2 \u2013 Actfl-370<\/strong>\n<\/p>\n<p>Trabalhe com a terminologia espanhola relacionada \u00e0 fisioterapia e melhore sua intera\u00e7\u00e3o comunicativa com seus pacientes de l\u00edngua espanhola.  <\/p>\n<ul>\n<li> Explore a terminologia espec\u00edfica relacionada aos equipamentos m\u00e9dicos, \u00e0s partes do corpo e suas a\u00e7\u00f5es. <\/li>\n<li>Obter as habilidades necess\u00e1rias para perguntar e fornecer informa\u00e7\u00f5es relacionadas a dores agudas e cr\u00f4nicas, desconforto, fraturas e acidentes. <\/li>\n<li>Prepare-se para usar o vocabul\u00e1rio e as express\u00f5es formais e informais do espanhol para a intercomunica\u00e7\u00e3o na cl\u00ednica, para solicitar\/conceder consultas, avalia\u00e7\u00f5es terap\u00eauticas e tratamentos.<\/li>\n<\/ul>\n<p><!-- COPIAR DE AQU\u00cd EN ADELANTE --><\/p>\n<p><a class=\"elea-readmore\" style=\"text-decoration: underline; color: #c2002f;\" href=\"\/br\/\">Saiba mais\u2026<\/a><\/p>\n<div class=\"elea-readmore-html\" style=\"display: none;\">\n<p><!-- INICIO ZONA A EDITAR --><br \/>\n<strong>Descri\u00e7\u00e3o do curso:<\/strong> This course is developed in the communicative context of a physiotherapist room, working on the specific language for both oral and written communication, through exercises and practical examples.<br \/>\nSimilarly, it addresses issues related to interculturality in order to raise awareness and help understand the cultural similarities and differences that can influence the relationship with the patient.\n<\/p>\n<p><strong>Habilidades lingu\u00edsticas<\/strong><\/p>\n<ol>\n<li>Espanhol<\/li>\n<li>Sa\u00fade<\/li>\n<li>Fisioterapia<\/li>\n<li>Comunica\u00e7\u00e3o <\/li>\n<li>Fala<\/li>\n<\/ol>\n<p><!-- FIN ZONA A EDITAR --><\/p>\n<p><!-- COPIAR ESTO TAMBIEN --><\/p>\n<\/div>","protected":false},"excerpt":{"rendered":"<div class=\"nebrija-product-short-description-wrapper\">\n<p class=\"nebrija-product-short-description\"><strong><i class=\"ion-calendar\"><\/i> Dura\u00e7\u00e3o do curso: <\/strong><span class=\"nebrija-product-short-description-separator\">10 horas<\/span><\/p>\n<p class=\"nebrija-product-short-description\"><strong><i class=\"ion-person\"><\/i> Um curso destinado a: <\/strong><span class=\"nebrija-product-short-description-separator\"> Profissionais e estudantes de fisioterapia <\/span><\/p>\n<p class=\"nebrija-product-short-description\"><strong><i class=\"ion-calendar\"><\/i>Acesso aberto \u00e0 plataforma: <\/strong><span class=\"nebrija-product-short-description-separator\"> 4 semanas<\/span><\/p>\n<p class=\"nebrija-product-short-description\"><strong><i class=\"ion-easel\"><\/i> Curso 100% on-line <\/strong><span class=\"nebrija-product-short-description-separator\">Comece imediatamente e aprenda no seu pr\u00f3prio ritmo<\/span><\/p>\n<p class=\"nebrija-product-short-description\"><strong><i class=\"ion-easel\"><\/i>Suporte t\u00e9cnico: <\/strong><span class=\"nebrija-product-short-description-separator\">Solicite a um tutor a solu\u00e7\u00e3o de problemas t\u00e9cnicos <\/span><\/p>\n<p class=\"nebrija-product-short-description\"><strong><i class=\"ion-android-stopwatch\"><\/i>Compromisso recomendado com o curso:<\/strong><span class=\"nebrija-product-short-description-separator\"> 2,5 horas por semana<\/span><\/p>\n<p class=\"nebrija-product-short-description\"><strong><i class=\"ion-card\"><\/i>Amplie seu processo de aprendizagem: <\/strong><span class=\"nebrija-product-short-description-separator\">Adicione aulas individuais ao vivo com um instrutor: 15 euros \/ 30 min. | 25\u20ac \/ 1h<\/span><\/p>\n<p class=\"nebrija-product-short-description\"><strong><i class=\"ion-ios-pie-outline\"><\/i> \u00c1rea: <\/strong><span class=\"nebrija-product-short-description-separator\"> Sa\u00fade\/Fisioterapia <\/span><\/p>\n<\/div>\n<div class=\"nebrija-product-short-description-wrapper\">\n<p class=\"nebrija-product-short-description\"><strong><i class=\"ion-android-globe\"><\/i> Idioma: <\/strong><span class=\"nebrija-product-short-description-separator\">Espanhol<\/span><\/p>\n<p class=\"nebrija-product-short-description\"><strong><i class=\"ion-ios-paper-outline\"><\/i>Certificado de conclus\u00e3o: <\/strong><span class=\"nebrija-product-short-description-separator\">Ao final do curso, ap\u00f3s a conclus\u00e3o bem-sucedida de seus requisitos <\/span><\/p>\n<p class=\"nebrija-product-short-description\"><strong><i class=\"ion-ios-monitor-outline\"><\/i> N\u00edvel m\u00ednimo de espanhol recomend\u00e1vel: <\/strong><span class=\"nebrija-product-short-description-separator\" style=\"color: #333333;\"> A1.1 A1.2 A2.1 A2.2<br \/>\nB1.1 B1.2 <span style=\"color: #ff0000; width: auto;\"> B2.1 B2.2<\/span><br \/>\nC1.1 C1.2<\/span><br \/>\n<\/span><\/p>\n<\/div>","protected":false},"featured_media":748,"comment_status":"closed","ping_status":"closed","template":"","meta":[],"product_cat":[20,24],"product_tag":[],"_links":{"self":[{"href":"https:\/\/www.spanishglobalnebrija.com\/br\/wp-json\/wp\/v2\/product\/586"}],"collection":[{"href":"https:\/\/www.spanishglobalnebrija.com\/br\/wp-json\/wp\/v2\/product"}],"about":[{"href":"https:\/\/www.spanishglobalnebrija.com\/br\/wp-json\/wp\/v2\/types\/product"}],"replies":[{"embeddable":true,"href":"https:\/\/www.spanishglobalnebrija.com\/br\/wp-json\/wp\/v2\/comments?post=586"}],"wp:featuredmedia":[{"embeddable":true,"href":"https:\/\/www.spanishglobalnebrija.com\/br\/wp-json\/wp\/v2\/media\/748"}],"wp:attachment":[{"href":"https:\/\/www.spanishglobalnebrija.com\/br\/wp-json\/wp\/v2\/media?parent=586"}],"wp:term":[{"taxonomy":"product_cat","embeddable":true,"href":"https:\/\/www.spanishglobalnebrija.com\/br\/wp-json\/wp\/v2\/product_cat?post=586"},{"taxonomy":"product_tag","embeddable":true,"href":"https:\/\/www.spanishglobalnebrija.com\/br\/wp-json\/wp\/v2\/product_tag?post=586"}],"curies":[{"name":"wp","href":"https:\/\/api.w.org\/{rel}","templated":true}]}}