{"id":566,"date":"2022-06-15T08:23:10","date_gmt":"2022-06-15T08:23:10","guid":{"rendered":"http:\/\/www.spanishglobalnebrija.com\/?post_type=product&#038;p=566"},"modified":"2023-07-27T15:29:22","modified_gmt":"2023-07-27T15:29:22","slug":"espanol-de-los-negocios-la-organizacion-de-la-empresa","status":"publish","type":"product","link":"https:\/\/www.spanishglobalnebrija.com\/br\/producto\/espanol-de-los-negocios-la-organizacion-de-la-empresa\/","title":{"rendered":"Espanhol para neg\u00f3cios: Organiza\u00e7\u00e3o de neg\u00f3cios"},"content":{"rendered":"<p><strong>FLASH COURSE &#8211; SPANISH FOR WORK<\/strong>\n<\/p>\n<p><strong>N\u00edvel: B2.1 \u2013 Actfl-350<\/strong>\n<\/p>\n<p>Expanda o alcance comunicativo em espanhol  dos neg\u00f3cios trabalhando com a terminologia espanhola relacionada \u00e0 organiza\u00e7\u00e3o empresarial. <\/p>\n<ul>\n<li>Aprenda a terminologia espec\u00edfica em espanhol relacionada a aspectos internos de neg\u00f3cios, como reuni\u00f5es, gerenciamento de tempo e perfil profissional. <\/li>\n<li>Trabalhe com ferramentas de comunica\u00e7\u00e3o para poder participar em espanhol de reuni\u00f5es de neg\u00f3cios\/sociais no campo profissional. <\/li>\n<li>Reflita sobre os comportamentos culturais dos cidad\u00e3os de pa\u00edses de l\u00edngua espanhola e suas diferen\u00e7as em rela\u00e7\u00e3o a outras culturas.<\/li>\n<\/ul>\n<p><!-- COPIAR DE AQU\u00cd EN ADELANTE --><\/p>\n<p><a class=\"elea-readmore\" style=\"text-decoration: underline; color: #c2002f;\" href=\"\/br\/\">Saiba mais\u2026<\/a><\/p>\n<div class=\"elea-readmore-html\" style=\"display: none;\">\n<p><!-- INICIO ZONA A EDITAR --><br \/>\n<strong>Descri\u00e7\u00e3o do curso:<\/strong> Este curso tem como objetivo desenvolver o vocabul\u00e1rio e as express\u00f5es do participante em espanhol relacionadas \u00e0s organiza\u00e7\u00f5es empresariais e aumentar sua capacidade de se comunicar profissionalmente no campo dos neg\u00f3cios.\n<\/p>\n<p><strong>Habilidades lingu\u00edsticas<\/strong><\/p>\n<ol>\n<li>Espanhol<\/li>\n<li>Neg\u00f3cios<\/li>\n<li>Intercultural<\/li>\n<li>Comunica\u00e7\u00e3o<\/li>\n<li>Fala<\/li>\n<\/ol>\n<p><!-- FIN ZONA A EDITAR --><\/p>\n<p><!-- COPIAR ESTO TAMBIEN --><\/p>\n<\/div>","protected":false},"excerpt":{"rendered":"<div class=\"nebrija-product-short-description-wrapper\">\n<p class=\"nebrija-product-short-description\"><strong><i class=\"ion-calendar\"><\/i> Dura\u00e7\u00e3o do curso: <\/strong><span class=\"nebrija-product-short-description-separator\">10 horas<\/span><\/p>\n<p class=\"nebrija-product-short-description\"><strong><i class=\"ion-person\"><\/i> Um curso destinado a: <\/strong><span class=\"nebrija-product-short-description-separator\"> Profissionais e estudantes de neg\u00f3cios<\/span><\/p>\n<p class=\"nebrija-product-short-description\"><strong><i class=\"ion-calendar\"><\/i>Acesso aberto \u00e0 plataforma: <\/strong><span class=\"nebrija-product-short-description-separator\"> 4 semanas<\/span><\/p>\n<p class=\"nebrija-product-short-description\"><strong><i class=\"ion-easel\"><\/i> Curso 100% on-line <\/strong><span class=\"nebrija-product-short-description-separator\">Comece imediatamente e aprenda no seu pr\u00f3prio ritmo<\/span><\/p>\n<p class=\"nebrija-product-short-description\"><strong><i class=\"ion-easel\"><\/i>Suporte t\u00e9cnico: <\/strong><span class=\"nebrija-product-short-description-separator\"> Solicite a um tutor a solu\u00e7\u00e3o de problemas t\u00e9cnicos<\/span><\/p>\n<p class=\"nebrija-product-short-description\"><strong><i class=\"ion-android-stopwatch\"><\/i>Compromisso recomendado com o curso:<\/strong><span class=\"nebrija-product-short-description-separator\"> 2,5 horas por semana<\/span><\/p>\n<p class=\"nebrija-product-short-description\"><strong><i class=\"ion-card\"><\/i>Amplie seu processo de aprendizagem: <\/strong><span class=\"nebrija-product-short-description-separator\">Adicione aulas individuais ao vivo com um instrutor: 15 euros \/ 30 min. | 25\u20ac \/ 1h<\/span><\/p>\n<p class=\"nebrija-product-short-description\"><strong><i class=\"ion-ios-pie-outline\"><\/i> \u00c1rea: <\/strong><span class=\"nebrija-product-short-description-separator\"> Empresa\/Organiza\u00e7\u00e3o <\/span><\/p>\n<\/div>\n<div class=\"nebrija-product-short-description-wrapper\">\n<p class=\"nebrija-product-short-description\"><strong><i class=\"ion-android-globe\"><\/i> Idioma: <\/strong><span class=\"nebrija-product-short-description-separator\">Espanhol<\/span><\/p>\n<p class=\"nebrija-product-short-description\"><strong><i class=\"ion-ios-paper-outline\"><\/i>Certificado de conclus\u00e3o: <\/strong><span class=\"nebrija-product-short-description-separator\">Ao final do curso, ap\u00f3s a conclus\u00e3o bem-sucedida de seus requisitos <\/span><\/p>\n<p class=\"nebrija-product-short-description\"><strong><i class=\"ion-ios-monitor-outline\"><\/i> N\u00edvel m\u00ednimo de espanhol recomend\u00e1vel: <\/strong><span class=\"nebrija-product-short-description-separator\" style=\"color: #333333;\"> A1.1 A1.2 A2.1 A2.2<br \/>\nB1.1 B1.2 <span style=\"color: #ff0000; width: auto;\">B2.1<\/span>  B2.2<br \/>\nC1.1 C1.2<br \/>\n<\/span><\/p>\n<\/div>","protected":false},"featured_media":754,"comment_status":"closed","ping_status":"closed","template":"","meta":[],"product_cat":[20,24],"product_tag":[],"_links":{"self":[{"href":"https:\/\/www.spanishglobalnebrija.com\/br\/wp-json\/wp\/v2\/product\/566"}],"collection":[{"href":"https:\/\/www.spanishglobalnebrija.com\/br\/wp-json\/wp\/v2\/product"}],"about":[{"href":"https:\/\/www.spanishglobalnebrija.com\/br\/wp-json\/wp\/v2\/types\/product"}],"replies":[{"embeddable":true,"href":"https:\/\/www.spanishglobalnebrija.com\/br\/wp-json\/wp\/v2\/comments?post=566"}],"wp:featuredmedia":[{"embeddable":true,"href":"https:\/\/www.spanishglobalnebrija.com\/br\/wp-json\/wp\/v2\/media\/754"}],"wp:attachment":[{"href":"https:\/\/www.spanishglobalnebrija.com\/br\/wp-json\/wp\/v2\/media?parent=566"}],"wp:term":[{"taxonomy":"product_cat","embeddable":true,"href":"https:\/\/www.spanishglobalnebrija.com\/br\/wp-json\/wp\/v2\/product_cat?post=566"},{"taxonomy":"product_tag","embeddable":true,"href":"https:\/\/www.spanishglobalnebrija.com\/br\/wp-json\/wp\/v2\/product_tag?post=566"}],"curies":[{"name":"wp","href":"https:\/\/api.w.org\/{rel}","templated":true}]}}