{"id":556,"date":"2022-06-14T21:23:14","date_gmt":"2022-06-14T21:23:14","guid":{"rendered":"http:\/\/www.spanishglobalnebrija.com\/?post_type=product&#038;p=556"},"modified":"2024-04-03T14:30:40","modified_gmt":"2024-04-03T14:30:40","slug":"spanish-language-course-a22","status":"publish","type":"product","link":"https:\/\/www.spanishglobalnebrija.com\/br\/producto\/spanish-language-course-a22\/","title":{"rendered":"Curso de espanhol A2.2"},"content":{"rendered":"<\/p>\n<p><strong>N\u00edvel: A2.2\u2013 Actfl-150 <\/strong>\n<\/p>\n<p>Ao final deste curso, voc\u00ea poder\u00e1:<\/p>\n<ul>\n<li>Compreender as frases e o vocabul\u00e1rio mais comuns e captar a ideia principal de mensagens e an\u00fancios curtos, claros e simples.<\/li>\n<li>Compreender cartas pessoais simples e ler textos para encontrar informa\u00e7\u00f5es espec\u00edficas.<\/li>\n<li>Conversar de forma breve usando uma s\u00e9rie de express\u00f5es e frases.<\/li>\n<\/ul>\n<hr \/>\n<p><!-- COPIAR DE AQU\u00cd EN ADELANTE --><\/p>\n<p><a class=\"elea-readmore\" style=\"text-decoration: underline; color: #c2002f;\" href=\"\/br\/\">Saiba mais<\/a><\/p>\n<div class=\"elea-readmore-html\" style=\"display:none;\">\n<p><!-- INICIO ZONA A EDITAR --><br \/>\n<strong>Descri\u00e7\u00e3o do curso:<\/strong> Curso que visa iniciar a comunica\u00e7\u00e3o em espanhol sob uma abordagem funcional e comunicativa. Os alunos aprendem conte\u00fados b\u00e1sicos de comunica\u00e7\u00e3o para<br \/>\nse desenvolver em situa\u00e7\u00f5es simples da vida cotidiana. Materiais de natureza sociocultural s\u00e3o usados durante o curso.\n<\/p>\n<p><strong>Habilidades lingu\u00edsticas\n<\/p>\n<p> <\/strong><\/p>\n<ol>\n<li>Compreens\u00e3o<\/li>\n<li>Comunica\u00e7\u00e3o<\/li>\n<li>Gram\u00e1tica<\/li>\n<li>Fala<\/li>\n<\/ol>\n<p><!-- FIN ZONA A EDITAR --><\/p>\n<p><!-- COPIAR ESTO TAMBIEN --><\/p>\n<\/div>","protected":false},"excerpt":{"rendered":"<div class=\"nebrija-product-short-description-wrapper\">\n<p class=\"nebrija-product-short-description\"><strong><i class=\"ion-calendar\"><\/i> Dura\u00e7\u00e3o do curso: <\/strong><span class=\"nebrija-product-short-description-separator\">30 horas<\/span><\/p>\n<p class=\"nebrija-product-short-description\"><strong><i class=\"ion-person\"><\/i> Um curso destinado a: <\/strong><span class=\"nebrija-product-short-description-separator\">Pessoas interessadas em aprender espanhol por motivos pessoais ou profissionais<\/span><\/p>\n<p class=\"nebrija-product-short-description\"><strong><i class=\"ion-calendar\"><\/i>Acesso aberto \u00e0 plataforma: <\/strong><span class=\"nebrija-product-short-description-separator\">12 semanas<\/span><\/p>\n<p class=\"nebrija-product-short-description\"><strong><i class=\"ion-easel\"><\/i> Curso 100% on-line <\/strong><span class=\"nebrija-product-short-description-separator\">Comece imediatamente e aprenda no seu pr\u00f3prio ritmo<\/span><\/p>\n<p class=\"nebrija-product-short-description\"><strong><i class=\"ion-easel\"><\/i>Suporte t\u00e9cnico:<\/strong><span class=\"nebrija-product-short-description-separator\">Solicite a um tutor a solu\u00e7\u00e3o de problemas t\u00e9cnicos <\/span><\/p>\n<p class=\"nebrija-product-short-description\"><strong><i class=\"ion-android-stopwatch\"><\/i>Compromisso recomendado com o curso:<\/strong><span class=\"nebrija-product-short-description-separator\">2,5 horas por semana<\/span><\/p>\n<p class=\"nebrija-product-short-description\"><strong><i class=\"ion-card\"><\/i>Amplie seu processo de aprendizagem: <\/strong><span class=\"nebrija-product-short-description-separator\">Adicione aulas individuais ao vivo com um instrutor: 15 euros \/ 30 min. | 25\u20ac \/ 1h<\/span><\/p>\n<p class=\"nebrija-product-short-description\"><strong><i class=\"ion-ios-pie-outline\"><\/i> \u00c1rea: <\/strong><span class=\"nebrija-product-short-description-separator\">Curso de Idiomas<\/span><\/p>\n<\/div>\n<div class=\"nebrija-product-short-description-wrapper\">\n<p class=\"nebrija-product-short-description\"><strong><i class=\"ion-android-globe\"><\/i> Idioma: <\/strong><span class=\"nebrija-product-short-description-separator\">Espanhol<\/span><\/p>\n<p class=\"nebrija-product-short-description\"><strong><i class=\"ion-ios-paper-outline\"><\/i>Certificado de conclus\u00e3o: <\/strong><span class=\"nebrija-product-short-description-separator\">Ao final do curso, ap\u00f3s a conclus\u00e3o bem-sucedida de seus requisitos <\/span><\/p>\n<p class=\"nebrija-product-short-description\"><strong><i class=\"ion-ios-monitor-outline\"><\/i> N\u00edvel m\u00ednimo de espanhol recomend\u00e1vel: <\/strong><br \/>\n<span class=\"nebrija-product-short-description-separator\" style=\"color: #333333;\"><br \/>\nA1.1 A1.2 A2.1 <span style=\"color: #ff0000; width: auto;\"> A2.2 <\/span><br \/>\nB1.1 B1.2 B2.1 B2.2<br \/>\nC1.1 C1.2<br \/>\n<\/span><\/p>\n<\/div>","protected":false},"featured_media":736,"comment_status":"closed","ping_status":"closed","template":"","meta":[],"product_cat":[20,25],"product_tag":[],"_links":{"self":[{"href":"https:\/\/www.spanishglobalnebrija.com\/br\/wp-json\/wp\/v2\/product\/556"}],"collection":[{"href":"https:\/\/www.spanishglobalnebrija.com\/br\/wp-json\/wp\/v2\/product"}],"about":[{"href":"https:\/\/www.spanishglobalnebrija.com\/br\/wp-json\/wp\/v2\/types\/product"}],"replies":[{"embeddable":true,"href":"https:\/\/www.spanishglobalnebrija.com\/br\/wp-json\/wp\/v2\/comments?post=556"}],"wp:featuredmedia":[{"embeddable":true,"href":"https:\/\/www.spanishglobalnebrija.com\/br\/wp-json\/wp\/v2\/media\/736"}],"wp:attachment":[{"href":"https:\/\/www.spanishglobalnebrija.com\/br\/wp-json\/wp\/v2\/media?parent=556"}],"wp:term":[{"taxonomy":"product_cat","embeddable":true,"href":"https:\/\/www.spanishglobalnebrija.com\/br\/wp-json\/wp\/v2\/product_cat?post=556"},{"taxonomy":"product_tag","embeddable":true,"href":"https:\/\/www.spanishglobalnebrija.com\/br\/wp-json\/wp\/v2\/product_tag?post=556"}],"curies":[{"name":"wp","href":"https:\/\/api.w.org\/{rel}","templated":true}]}}