{"id":552,"date":"2022-06-13T11:23:14","date_gmt":"2022-06-13T11:23:14","guid":{"rendered":"http:\/\/www.spanishglobalnebrija.com\/?post_type=product&#038;p=552"},"modified":"2024-04-03T14:20:20","modified_gmt":"2024-04-03T14:20:20","slug":"spanish-language-course-a12","status":"publish","type":"product","link":"https:\/\/www.spanishglobalnebrija.com\/br\/producto\/spanish-language-course-a12\/","title":{"rendered":"Curso de espanhol A1.2"},"content":{"rendered":"<\/p>\n<p><strong>N\u00edvel: A1.2  \u2013 Actfl-105<\/strong>\n<\/p>\n<p>Ao final deste curso, voc\u00ea poder\u00e1:<\/p>\n<ul>\n<li>Participar de conversas sobre t\u00f3picos da vida cotidiana de forma simples.<\/li>\n<li>Fazer e responder perguntas b\u00e1sicas.<\/li>\n<li>Escrever textos curtos e simples sobre t\u00f3picos muito comuns e preencher formul\u00e1rios com informa\u00e7\u00f5es pessoais.<\/li>\n<\/ul>\n<p>&nbsp;<\/p>\n<hr \/>\n<p><!-- COPIAR DE AQU\u00cd EN ADELANTE -->\n<\/p>\n<p><a class=\"elea-readmore\" style=\"text-decoration: underline; color: #c2002f;\" href=\"\/br\/\">Saiba mais\u2026<\/a><\/p>\n<div class=\"elea-readmore-html\" style=\"display:none;\">\n<p><!-- INICIO ZONA A EDITAR --><br \/>\n<strong>Descri\u00e7\u00e3o do curso:<\/strong> Curso de inicia\u00e7\u00e3o com \u00eanfase especial nas dificuldades gramaticais mais comuns desse n\u00edvel. Estudam-se os conte\u00fados b\u00e1sicos da gram\u00e1tica espanhola para refor\u00e7\u00e1-los, aplicando os conte\u00fados gramaticais para se referir ao presente, passado e futuro. A express\u00e3o escrita \u00e9 aprimorada.\n<\/p>\n<p><strong>Habilidades lingu\u00edsticas\n<\/p>\n<p> <\/strong><\/p>\n<ol>\n<li>Compreens\u00e3o<\/li>\n<li>Comunica\u00e7\u00e3o<\/li>\n<li>Gram\u00e1tica<\/li>\n<li>Fala<\/li>\n<\/ol>\n<p><!-- FIN ZONA A EDITAR --><\/p>\n<p><!-- COPIAR ESTO TAMBIEN --><\/p>\n<\/div>","protected":false},"excerpt":{"rendered":"<div class=\"nebrija-product-short-description-wrapper\">\n<p class=\"nebrija-product-short-description\"><strong><i class=\"ion-calendar\"><\/i> Dura\u00e7\u00e3o do curso: <\/strong><span class=\"nebrija-product-short-description-separator\">30 horas<\/span><\/p>\n<p class=\"nebrija-product-short-description\"><strong><i class=\"ion-person\"><\/i> Um curso destinado a: <\/strong><span class=\"nebrija-product-short-description-separator\">Pessoas interessadas em aprender espanhol por motivos pessoais ou profissionais<\/span><\/p>\n<p class=\"nebrija-product-short-description\"><strong><i class=\"ion-calendar\"><\/i>Acesso aberto \u00e0 plataforma: <\/strong><span class=\"nebrija-product-short-description-separator\">12 semanas<\/span><\/p>\n<p class=\"nebrija-product-short-description\"><strong><i class=\"ion-easel\"><\/i> Curso 100% on-line <\/strong><span class=\"nebrija-product-short-description-separator\">Comece imediatamente e aprenda no seu pr\u00f3prio ritmo<\/span><\/p>\n<p class=\"nebrija-product-short-description\"><strong><i class=\"ion-easel\"><\/i>Suporte t\u00e9cnico:<\/strong><span class=\"nebrija-product-short-description-separator\">Solicite a um tutor a solu\u00e7\u00e3o de problemas t\u00e9cnicos<\/span><\/p>\n<p class=\"nebrija-product-short-description\"><strong><i class=\"ion-android-stopwatch\"><\/i>Compromisso recomendado com o curso:<\/strong><span class=\"nebrija-product-short-description-separator\">2,5 horas por semana<\/span><\/p>\n<p class=\"nebrija-product-short-description\"><strong><i class=\"ion-card\"><\/i>Amplie seu processo de aprendizagem: <\/strong><span class=\"nebrija-product-short-description-separator\">Adicione aulas individuais ao vivo com um instrutor: 15 euros \/ 30 min. | 25\u20ac \/ 1h<\/span><\/p>\n<p class=\"nebrija-product-short-description\"><strong><i class=\"ion-ios-pie-outline\"><\/i> \u00c1rea: <\/strong><span class=\"nebrija-product-short-description-separator\">Curso de Idiomas<\/span><\/p>\n<\/div>\n<div class=\"nebrija-product-short-description-wrapper\">\n<p class=\"nebrija-product-short-description\"><strong><i class=\"ion-android-globe\"><\/i> Idioma: <\/strong><span class=\"nebrija-product-short-description-separator\">Espanhol<\/span><\/p>\n<p class=\"nebrija-product-short-description\"><strong><i class=\"ion-ios-paper-outline\"><\/i>Certificado de conclus\u00e3o: <\/strong><span class=\"nebrija-product-short-description-separator\">Ao final do curso, ap\u00f3s a conclus\u00e3o bem-sucedida de seus requisitos <\/span><\/p>\n<p class=\"nebrija-product-short-description\"><strong><i class=\"ion-ios-monitor-outline\"><\/i> N\u00edvel m\u00ednimo de espanhol recomend\u00e1vel: <\/strong><br \/>\n<span class=\"nebrija-product-short-description-separator\" style=\"color: #333333;\"><br \/>\nA1.1 <span style=\"color: #ff0000; width: auto;\"> A1.2<\/span> A2.1 A2.2<br \/>\nB1.1 B1.2 B2.1 B2.2<br \/>\nC1.1 C1.2<br \/>\n<\/span><\/p>\n<\/div>","protected":false},"featured_media":731,"comment_status":"closed","ping_status":"closed","template":"","meta":[],"product_cat":[20,25],"product_tag":[],"_links":{"self":[{"href":"https:\/\/www.spanishglobalnebrija.com\/br\/wp-json\/wp\/v2\/product\/552"}],"collection":[{"href":"https:\/\/www.spanishglobalnebrija.com\/br\/wp-json\/wp\/v2\/product"}],"about":[{"href":"https:\/\/www.spanishglobalnebrija.com\/br\/wp-json\/wp\/v2\/types\/product"}],"replies":[{"embeddable":true,"href":"https:\/\/www.spanishglobalnebrija.com\/br\/wp-json\/wp\/v2\/comments?post=552"}],"wp:featuredmedia":[{"embeddable":true,"href":"https:\/\/www.spanishglobalnebrija.com\/br\/wp-json\/wp\/v2\/media\/731"}],"wp:attachment":[{"href":"https:\/\/www.spanishglobalnebrija.com\/br\/wp-json\/wp\/v2\/media?parent=552"}],"wp:term":[{"taxonomy":"product_cat","embeddable":true,"href":"https:\/\/www.spanishglobalnebrija.com\/br\/wp-json\/wp\/v2\/product_cat?post=552"},{"taxonomy":"product_tag","embeddable":true,"href":"https:\/\/www.spanishglobalnebrija.com\/br\/wp-json\/wp\/v2\/product_tag?post=552"}],"curies":[{"name":"wp","href":"https:\/\/api.w.org\/{rel}","templated":true}]}}