{"id":4465,"date":"2025-12-10T16:02:40","date_gmt":"2025-12-10T16:02:40","guid":{"rendered":"https:\/\/www.spanishglobalnebrija.com\/?post_type=product&#038;p=4465"},"modified":"2026-04-23T07:54:24","modified_gmt":"2026-04-23T07:54:24","slug":"a2-2-mw-0126","status":"publish","type":"product","link":"https:\/\/www.spanishglobalnebrija.com\/br\/producto\/a2-2-mw-0126\/","title":{"rendered":"A2.2 MW 0126"},"content":{"rendered":"<p><strong>Level: A2.2\u2013 Actfl-110<\/strong>\n<\/p>\n<p><strong>Data de in\u00edcio: <span style=\"color: #ff0000; width: auto;\">\u00a0January 2026<\/span><br \/>\n<\/strong><br \/>\nAo final deste curso, voc\u00ea poder\u00e1:\n<\/p>\n<ul>\n<li style=\"list-style-type: none;\">\n<ul>\n<li>Talk about the past using pret\u00e9rito indefinido and pret\u00e9rito perfecto<\/li>\n<li>Talk about the beginning, duration and ending of an action<\/li>\n<li>Express cause and consequence<\/li>\n<li>Assess, express opinion, agreement and disagreement<\/li>\n<li>Express needs<\/li>\n<\/ul>\n<\/li>\n<\/ul>\n<p>&nbsp;<\/p>\n<hr \/>\n<p><!-- COPIAR DE AQU\u00cd EN ADELANTE --><\/p>\n<p><a class=\"elea-readmore\" style=\"text-decoration: underline; color: #c2002f;\" href=\"\/br\/\">Saiba mais\u2026<\/a><\/p>\n<div class=\"elea-readmore-html\" style=\"display: none;\">\n<p><!-- INICIO ZONA A EDITAR --><br \/>\n<strong>Descri\u00e7\u00e3o do curso:<\/strong> A course with a functional and communicative approach. The linguistic contents that cover the entire initial level are studied and the student is prepared to begin the intermediate level of Spanish.<\/p>\n<p>The acquired knowledge is consolidated, and the new grammatical and lexical contents are introduced so that the students can begin to describe personal experiences in the past in different communicative situations.<\/p>\n<p><strong>Habilidades lingu\u00edsticas <\/strong><\/p>\n<p>&nbsp;<\/p>\n<ol>\n<li>Compreens\u00e3o<\/li>\n<li>Comunica\u00e7\u00e3o<\/li>\n<li>Gram\u00e1tica<\/li>\n<li>Fala<\/li>\n<\/ol>\n<p><!-- FIN ZONA A EDITAR --><\/p>\n<p><!-- COPIAR ESTO TAMBIEN --><\/p>\n<\/div>","protected":false},"excerpt":{"rendered":"<div class=\"nebrija-product-short-description-wrapper\">\n<p class=\"nebrija-product-short-description\"><strong><i class=\"ion-calendar\"><\/i> Dura\u00e7\u00e3o do curso: <\/strong><span class=\"nebrija-product-short-description-separator\">30 horas\/10 semanas<\/span><\/p>\n<p class=\"nebrija-product-short-description\"><strong><i class=\"ion-person\"><\/i>Aulas semanais ao vivo <\/strong><span class=\"nebrija-product-short-description-separator\"> com professor nativo <\/span><\/p>\n<p class=\"nebrija-product-short-description\"><strong><i class=\"ion-calendar\"><\/i>Plataforma de aprendizado interativa dispon\u00edvel<\/strong><span class=\"nebrija-product-short-description-separator\">para ampliar e revisar o que foi aprendido em sala de aula.<\/span><\/p>\n<p class=\"nebrija-product-short-description\"><strong><i class=\"ion-easel\"><\/i> Data de in\u00edcio: <\/strong><span class=\"nebrija-product-short-description-separator\">January 2026<\/span><\/p>\n<p class=\"nebrija-product-short-description\"><strong><i class=\"ion-easel\"><\/i>Hor\u00e1rio: <\/strong><span class=\"nebrija-product-short-description-separator\">Monday and Wednesday from 12.20\/13.40 (Spanish time) <\/span><\/p>\n<p class=\"nebrija-product-short-description\"><strong><i class=\"ion-android-stopwatch\"><\/i>Compromisso recomendado com o curso: <\/strong><span class=\"nebrija-product-short-description-separator\"> 2.5 hours per week plus complementary tasks<\/span><\/p>\n<p class=\"nebrija-product-short-description\"><strong><i class=\"ion-ios-pie-outline\"><\/i> \u00c1rea: <\/strong><span class=\"nebrija-product-short-description-separator\">Curso de Idiomas<\/span><\/p>\n<\/div>\n<div class=\"nebrija-product-short-description-wrapper\">\n<p class=\"nebrija-product-short-description\"><strong><i class=\"ion-android-globe\"><\/i> Idioma: <\/strong><span class=\"nebrija-product-short-description-separator\">Espanhol<\/span><\/p>\n<p class=\"nebrija-product-short-description\"><strong>Certificado de conclus\u00e3o: <\/strong><span class=\"nebrija-product-short-description-separator\">Ao final do curso, ap\u00f3s a conclus\u00e3o bem-sucedida de seus requisitos <\/span><\/p>\n<p class=\"nebrija-product-short-description\"><strong><i class=\"ion-ios-monitor-outline\"><\/i> N\u00edvel m\u00ednimo de espanhol recomend\u00e1vel: <\/strong><br \/>\n<span class=\"nebrija-product-short-description-separator\" style=\"color: #333333;\"><br \/>\nA1.1 A1.2 A2.1<span style=\"color: #ff0000; width: auto;\"> A2.2<\/span><br \/>\nB1.1 B1.2 B2.1 B2.2<br \/>\nC1.1 C1.2<br \/>\n<\/span><\/p>\n<\/div>","protected":false},"featured_media":2615,"comment_status":"closed","ping_status":"closed","template":"","meta":[],"product_cat":[20,15],"product_tag":[],"_links":{"self":[{"href":"https:\/\/www.spanishglobalnebrija.com\/br\/wp-json\/wp\/v2\/product\/4465"}],"collection":[{"href":"https:\/\/www.spanishglobalnebrija.com\/br\/wp-json\/wp\/v2\/product"}],"about":[{"href":"https:\/\/www.spanishglobalnebrija.com\/br\/wp-json\/wp\/v2\/types\/product"}],"replies":[{"embeddable":true,"href":"https:\/\/www.spanishglobalnebrija.com\/br\/wp-json\/wp\/v2\/comments?post=4465"}],"wp:featuredmedia":[{"embeddable":true,"href":"https:\/\/www.spanishglobalnebrija.com\/br\/wp-json\/wp\/v2\/media\/2615"}],"wp:attachment":[{"href":"https:\/\/www.spanishglobalnebrija.com\/br\/wp-json\/wp\/v2\/media?parent=4465"}],"wp:term":[{"taxonomy":"product_cat","embeddable":true,"href":"https:\/\/www.spanishglobalnebrija.com\/br\/wp-json\/wp\/v2\/product_cat?post=4465"},{"taxonomy":"product_tag","embeddable":true,"href":"https:\/\/www.spanishglobalnebrija.com\/br\/wp-json\/wp\/v2\/product_tag?post=4465"}],"curies":[{"name":"wp","href":"https:\/\/api.w.org\/{rel}","templated":true}]}}