{"id":4414,"date":"2025-11-12T07:53:58","date_gmt":"2025-11-12T07:53:58","guid":{"rendered":"https:\/\/www.spanishglobalnebrija.com\/?post_type=product&#038;p=4414"},"modified":"2026-03-02T08:04:13","modified_gmt":"2026-03-02T08:04:13","slug":"a1-1-tt-1225","status":"publish","type":"product","link":"https:\/\/www.spanishglobalnebrija.com\/br\/producto\/a1-1-tt-1225\/","title":{"rendered":"A1.1 TT 1225"},"content":{"rendered":"<p><strong>N\u00edvel: A1.1\u2013 Actfl-100<\/strong><\/p>\n<p><strong>Data de in\u00edcio: <span style=\"color: #ff0000; width: auto;\">\u00a0December 2025<\/span><br \/>\n<\/strong><\/p>\n<p>Ao final deste curso, voc\u00ea poder\u00e1:<\/p>\n<ul style=\"font-weight: 400;\">\n<li>Greet and introduce yourself.<\/li>\n<li>Exchange personal information.<\/li>\n<li>Speak in simple sentences about your immediate surroundings.<\/li>\n<li>Talk about common activities.<\/li>\n<li>Talk about motivation.<\/li>\n<li>Read basic texts.<\/li>\n<\/ul>\n<hr \/>\n<p><!-- COPIAR DE AQU\u00cd EN ADELANTE --><\/p>\n<p><a class=\"elea-readmore\" style=\"text-decoration: underline; color: #c2002f;\" href=\"\/br\/\">Saiba mais\u2026<\/a><\/p>\n<div class=\"elea-readmore-html\" style=\"display: none;\">\n<p><!-- INICIO ZONA A EDITAR --><\/p>\n<p><strong>Descri\u00e7\u00e3o do curso:<\/strong> Course that aims at starting communication in Spanish under a functional and communicative approach. The students learn basic communicative contents to get by in simple daily life situations. Materials of sociocultural nature are used during the course.<\/p>\n<p>&nbsp;<\/p>\n<p><strong>L\u00edngua espanhola Habilidades lingu\u00edsticas<\/strong><\/p>\n<p>&nbsp;<\/p>\n<ol>\n<li>Compreens\u00e3o<\/li>\n<li>Comunica\u00e7\u00e3o<\/li>\n<li>Gram\u00e1tica<\/li>\n<li>Fala<\/li>\n<\/ol>\n<p><!-- FIN ZONA A EDITAR --><\/p>\n<p><!-- COPIAR ESTO TAMBIEN --><\/p>\n<\/div>","protected":false},"excerpt":{"rendered":"<div class=\"nebrija-product-short-description-wrapper\">\n<p class=\"nebrija-product-short-description\"><strong><i class=\"ion-calendar\"><\/i> Dura\u00e7\u00e3o do curso: <\/strong><span class=\"nebrija-product-short-description-separator\">30 horas\/10 semanas<\/span><\/p>\n<p class=\"nebrija-product-short-description\"><strong><i class=\"ion-person\"><\/i>Aulas semanais ao vivo <\/strong><span class=\"nebrija-product-short-description-separator\"> com professor nativo <\/span><\/p>\n<p class=\"nebrija-product-short-description\"><strong><i class=\"ion-calendar\"><\/i>Plataforma de aprendizado interativa dispon\u00edvel<\/strong><span class=\"nebrija-product-short-description-separator\">para ampliar e revisar o que foi aprendido em sala de aula.<\/span><\/p>\n<p class=\"nebrija-product-short-description\"><strong><i class=\"ion-easel\"><\/i> Data de in\u00edcio: <\/strong><span class=\"nebrija-product-short-description-separator\"><br \/>\nDecember 2025<\/span><\/p>\n<p class=\"nebrija-product-short-description\"><strong><i class=\"ion-easel\"><\/i>Hor\u00e1rio: <\/strong><span class=\"nebrija-product-short-description-separator\">Tuesday &amp; Thursday from 12.20\/13.40 (Spanish time) <\/span><\/p>\n<p class=\"nebrija-product-short-description\"><strong><i class=\"ion-android-stopwatch\"><\/i>Compromisso recomendado com o curso: <\/strong><span class=\"nebrija-product-short-description-separator\"> 2.5 hours per week plus complementary tasks<\/span><\/p>\n<p class=\"nebrija-product-short-description\"><strong><i class=\"ion-ios-pie-outline\"><\/i> \u00c1rea: <\/strong><span class=\"nebrija-product-short-description-separator\">Curso de Idiomas<\/span><\/p>\n<\/div>\n<div class=\"nebrija-product-short-description-wrapper\">\n<p class=\"nebrija-product-short-description\"><strong><i class=\"ion-android-globe\"><\/i> Idioma: <\/strong><span class=\"nebrija-product-short-description-separator\">Espanhol<\/span><\/p>\n<p class=\"nebrija-product-short-description\"><strong>Certificado de conclus\u00e3o: <\/strong><span class=\"nebrija-product-short-description-separator\">Ao final do curso, ap\u00f3s a conclus\u00e3o bem-sucedida de seus requisitos <\/span><\/p>\n<p class=\"nebrija-product-short-description\"><strong><i class=\"ion-ios-monitor-outline\"><\/i> N\u00edvel m\u00ednimo de espanhol recomend\u00e1vel: <\/strong><br \/>\n<span class=\"nebrija-product-short-description-separator\" style=\"color: #333333;\"><br \/>\n<span style=\"color: #ff0000; width: auto;\">A1.1<\/span> A1.2 A2.1 A2.2<br \/>\nB1.1 B1.2 B2.1 B2.2<br \/>\nC1.1 C1.2<br \/>\n<\/span><\/p>\n<\/div>","protected":false},"featured_media":2003,"comment_status":"closed","ping_status":"closed","template":"","meta":[],"product_cat":[20,43],"product_tag":[],"_links":{"self":[{"href":"https:\/\/www.spanishglobalnebrija.com\/br\/wp-json\/wp\/v2\/product\/4414"}],"collection":[{"href":"https:\/\/www.spanishglobalnebrija.com\/br\/wp-json\/wp\/v2\/product"}],"about":[{"href":"https:\/\/www.spanishglobalnebrija.com\/br\/wp-json\/wp\/v2\/types\/product"}],"replies":[{"embeddable":true,"href":"https:\/\/www.spanishglobalnebrija.com\/br\/wp-json\/wp\/v2\/comments?post=4414"}],"wp:featuredmedia":[{"embeddable":true,"href":"https:\/\/www.spanishglobalnebrija.com\/br\/wp-json\/wp\/v2\/media\/2003"}],"wp:attachment":[{"href":"https:\/\/www.spanishglobalnebrija.com\/br\/wp-json\/wp\/v2\/media?parent=4414"}],"wp:term":[{"taxonomy":"product_cat","embeddable":true,"href":"https:\/\/www.spanishglobalnebrija.com\/br\/wp-json\/wp\/v2\/product_cat?post=4414"},{"taxonomy":"product_tag","embeddable":true,"href":"https:\/\/www.spanishglobalnebrija.com\/br\/wp-json\/wp\/v2\/product_tag?post=4414"}],"curies":[{"name":"wp","href":"https:\/\/api.w.org\/{rel}","templated":true}]}}