{"id":3664,"date":"2025-03-12T12:54:40","date_gmt":"2025-03-12T12:54:40","guid":{"rendered":"https:\/\/www.spanishglobalnebrija.com\/?post_type=product&#038;p=3664"},"modified":"2025-06-05T15:39:04","modified_gmt":"2025-06-05T15:39:04","slug":"a2-1-tt-0425","status":"publish","type":"product","link":"https:\/\/www.spanishglobalnebrija.com\/br\/producto\/a2-1-tt-0425\/","title":{"rendered":"A2.1 TT 0425"},"content":{"rendered":"<p><strong>Level: A2.1\u2013 Actfl-100<\/strong><\/p>\n<p><strong>Data de in\u00edcio: <span style=\"color: #ff0000; width: auto;\">\u00a0April 2025<\/span><br \/>\n<\/strong>\n<\/p>\n<p>Ao final deste curso, voc\u00ea poder\u00e1:<\/p>\n<ul style=\"font-weight: 400;\">\n<li>Share your preferences about free time activities.<\/li>\n<li>Describe people.<\/li>\n<li>Use simple expressions to talk about family and relationships.<\/li>\n<li>Interact in public spaces such as cafes, bars and restaurants.<\/li>\n<li>Write simple texts such as short descriptions and dialogues.<\/li>\n<\/ul>\n<hr \/>\n<p><!-- COPIAR DE AQU\u00cd EN ADELANTE --><\/p>\n<p><a class=\"elea-readmore\" style=\"text-decoration: underline; color: #c2002f;\" href=\"\/br\/\">Saiba mais\u2026<\/a><\/p>\n<div class=\"elea-readmore-html\" style=\"display: none;\">\n<p><!-- INICIO ZONA A EDITAR --><\/p>\n<p><strong>Descri\u00e7\u00e3o do curso:<\/strong> Course that aims at starting communication in Spanish under a functional and communicative approach. The students learn basic communicative contents to get by in simple daily life situations. Materials of sociocultural nature are used during the course.<\/p>\n<p>&nbsp;<\/p>\n<p><strong>L\u00edngua espanhola Habilidades lingu\u00edsticas<\/strong><\/p>\n<p>&nbsp;<\/p>\n<ol>\n<li>Compreens\u00e3o<\/li>\n<li>Comunica\u00e7\u00e3o<\/li>\n<li>Gram\u00e1tica<\/li>\n<li>Fala<\/li>\n<\/ol>\n<p><!-- FIN ZONA A EDITAR --><\/p>\n<p><!-- COPIAR ESTO TAMBIEN --><\/p>\n<\/div>","protected":false},"excerpt":{"rendered":"<div class=\"nebrija-product-short-description-wrapper\">\n<p class=\"nebrija-product-short-description\"><strong><i class=\"ion-calendar\"><\/i> Dura\u00e7\u00e3o do curso: <\/strong><span class=\"nebrija-product-short-description-separator\">30 horas\/10 semanas<\/span><\/p>\n<p class=\"nebrija-product-short-description\"><strong><i class=\"ion-person\"><\/i>Aulas semanais ao vivo <\/strong><span class=\"nebrija-product-short-description-separator\"> com professor nativo <\/span><\/p>\n<p class=\"nebrija-product-short-description\"><strong><i class=\"ion-calendar\"><\/i>Plataforma de aprendizado interativa dispon\u00edvel<\/strong><span class=\"nebrija-product-short-description-separator\">para ampliar e revisar o que foi aprendido em sala de aula.<\/span><\/p>\n<p class=\"nebrija-product-short-description\"><strong><i class=\"ion-easel\"><\/i> Data de in\u00edcio: <\/strong><span class=\"nebrija-product-short-description-separator\">April 2025<\/span><\/p>\n<p class=\"nebrija-product-short-description\"><strong><i class=\"ion-easel\"><\/i>Hor\u00e1rio: <\/strong><span class=\"nebrija-product-short-description-separator\"> Tuesday &#038; Thursday from 14:50 to 16:10<\/span><\/p>\n<p class=\"nebrija-product-short-description\"><strong><i class=\"ion-android-stopwatch\"><\/i>Compromisso recomendado com o curso: <\/strong><span class=\"nebrija-product-short-description-separator\">3 horas de aula por semana, al\u00e9m de tarefas complementares<\/span><\/p>\n<p class=\"nebrija-product-short-description\"><strong><i class=\"ion-ios-pie-outline\"><\/i> \u00c1rea: <\/strong><span class=\"nebrija-product-short-description-separator\">Curso de Idiomas<\/span><\/p>\n<\/div>\n<div class=\"nebrija-product-short-description-wrapper\">\n<p class=\"nebrija-product-short-description\"><strong><i class=\"ion-android-globe\"><\/i> Idioma: <\/strong><span class=\"nebrija-product-short-description-separator\">Espanhol<\/span><\/p>\n<p class=\"nebrija-product-short-description\"><strong>Certificado de conclus\u00e3o: <\/strong><span class=\"nebrija-product-short-description-separator\">Ao final do curso, ap\u00f3s a conclus\u00e3o bem-sucedida de seus requisitos <\/span><\/p>\n<p class=\"nebrija-product-short-description\"><strong><i class=\"ion-ios-monitor-outline\"><\/i> N\u00edvel m\u00ednimo de espanhol recomend\u00e1vel: <\/strong><br \/>\n<span class=\"nebrija-product-short-description-separator\" style=\"color: #333333;\"><br \/>\nA1.1  A1.2<span style=\"color: #ff0000; width: auto;\">A2.1 <\/span> A2.2<br \/>\nB1.1 B1.2 B2.1 B2.2<br \/>\nC1.1 C1.2<br \/>\n<\/span><\/p>\n<p>&nbsp;<\/p>\n<\/div>","protected":false},"featured_media":2615,"comment_status":"closed","ping_status":"closed","template":"","meta":[],"product_cat":[20,43],"product_tag":[],"_links":{"self":[{"href":"https:\/\/www.spanishglobalnebrija.com\/br\/wp-json\/wp\/v2\/product\/3664"}],"collection":[{"href":"https:\/\/www.spanishglobalnebrija.com\/br\/wp-json\/wp\/v2\/product"}],"about":[{"href":"https:\/\/www.spanishglobalnebrija.com\/br\/wp-json\/wp\/v2\/types\/product"}],"replies":[{"embeddable":true,"href":"https:\/\/www.spanishglobalnebrija.com\/br\/wp-json\/wp\/v2\/comments?post=3664"}],"wp:featuredmedia":[{"embeddable":true,"href":"https:\/\/www.spanishglobalnebrija.com\/br\/wp-json\/wp\/v2\/media\/2615"}],"wp:attachment":[{"href":"https:\/\/www.spanishglobalnebrija.com\/br\/wp-json\/wp\/v2\/media?parent=3664"}],"wp:term":[{"taxonomy":"product_cat","embeddable":true,"href":"https:\/\/www.spanishglobalnebrija.com\/br\/wp-json\/wp\/v2\/product_cat?post=3664"},{"taxonomy":"product_tag","embeddable":true,"href":"https:\/\/www.spanishglobalnebrija.com\/br\/wp-json\/wp\/v2\/product_tag?post=3664"}],"curies":[{"name":"wp","href":"https:\/\/api.w.org\/{rel}","templated":true}]}}