{"id":2364,"date":"2024-06-21T12:35:31","date_gmt":"2024-06-21T12:35:31","guid":{"rendered":"http:\/\/www.spanishglobalnebrija.com\/?post_type=product&#038;p=2364"},"modified":"2024-06-21T12:47:06","modified_gmt":"2024-06-21T12:47:06","slug":"spanish-language-course-a1-1-live-china","status":"publish","type":"product","link":"https:\/\/www.spanishglobalnebrija.com\/br\/producto\/spanish-language-course-a1-1-live-china\/","title":{"rendered":"Spanish Language Course A1.1                                                LIVE (China)"},"content":{"rendered":"<\/p>\n<p><strong>N\u00edvel: A1.1\u2013 Actfl-100<\/strong>\n<\/p>\n<p><strong>Data de in\u00edcio: <span style=\"color: #ff0000; width: auto;\">\u00a0July 8th 2024<\/span><br \/>\n<\/strong>\n<\/p>\n<p>Ao final deste curso, voc\u00ea poder\u00e1:<\/p>\n<ul style=\"font-weight: 400;\">\n<li>Greet and introduce yourself.<\/li>\n<li>Exchange personal data.<\/li>\n<li>Talk with simple phrases about your close environment.<\/li>\n<li>Talk about habitual activities.<\/li>\n<li>Read basic texts.<\/li>\n<\/ul>\n<hr \/>\n<p><!-- COPIAR DE AQU\u00cd EN ADELANTE --><\/p>\n<p><a class=\"elea-readmore\" style=\"text-decoration: underline; color: #c2002f;\" href=\"\/br\/\">Saiba mais\u2026<\/a><\/p>\n<div class=\"elea-readmore-html\" style=\"display: none;\">\n<p><!-- INICIO ZONA A EDITAR -->\n<\/p>\n<p><strong>Descri\u00e7\u00e3o do curso:<\/strong> Curso que visa iniciar a comunica\u00e7\u00e3o em espanhol sob uma abordagem funcional e comunicativa.  Os alunos aprendem conte\u00fados b\u00e1sicos de comunica\u00e7\u00e3o para se virar em situa\u00e7\u00f5es simples da vida cotidiana.  Materiais de natureza sociocultural s\u00e3o usados durante o curso.<\/p>\n<p>&nbsp;\n<\/p>\n<p><strong>L\u00edngua espanhola Habilidades lingu\u00edsticas<\/strong><\/p>\n<p>&nbsp;<\/p>\n<ol>\n<li>Compreens\u00e3o<\/li>\n<li>Comunica\u00e7\u00e3o<\/li>\n<li>Gram\u00e1tica<\/li>\n<li>Fala<\/li>\n<\/ol>\n<p><!-- FIN ZONA A EDITAR --><\/p>\n<p><!-- COPIAR ESTO TAMBIEN --><\/p>\n<\/div>","protected":false},"excerpt":{"rendered":"<div class=\"nebrija-product-short-description-wrapper\">\n<p class=\"nebrija-product-short-description\"><strong><i class=\"ion-calendar\"><\/i> Dura\u00e7\u00e3o do curso: <\/strong><span class=\"nebrija-product-short-description-separator\">30 horas<\/span><\/p>\n<p class=\"nebrija-product-short-description\"><strong><i class=\"ion-person\"><\/i>Aulas semanais ao vivo <\/strong><span class=\"nebrija-product-short-description-separator\"> taught by Chinese and Spanish teachers<\/span><\/p>\n<p class=\"nebrija-product-short-description\"><strong><i class=\"ion-calendar\"><\/i>Live classes <\/strong><span class=\"nebrija-product-short-description-separator\">through the VooV Meeting platform<\/span><\/p>\n<p class=\"nebrija-product-short-description\"><strong><i class=\"ion-easel\"><\/i> Data de in\u00edcio: <\/strong><span class=\"nebrija-product-short-description-separator\">July 8th to 29th July, 2024<\/span><\/p>\n<p class=\"nebrija-product-short-description\"><strong><i class=\"ion-easel\"><\/i>Hor\u00e1rio: <\/strong><span class=\"nebrija-product-short-description-separator\">Monday, Thursday and Friday from 1:30pm to 4:30 pm<\/span><\/p>\n<p class=\"nebrija-product-short-description\"><strong><i class=\"ion-android-stopwatch\"><\/i>Compromisso recomendado com o curso: <\/strong><span class=\"nebrija-product-short-description-separator\"> 3 hours\/3 days a week<\/span><\/p>\n<p class=\"nebrija-product-short-description\"><strong><i class=\"ion-ios-pie-outline\"><\/i> \u00c1rea: <\/strong><span class=\"nebrija-product-short-description-separator\">Curso de Idiomas<\/span><\/p>\n<\/div>\n<div class=\"nebrija-product-short-description-wrapper\">\n<p class=\"nebrija-product-short-description\"><strong><i class=\"ion-android-globe\"><\/i> Idioma: <\/strong><span class=\"nebrija-product-short-description-separator\">Spanish and Chinese<\/span><\/p>\n<p class=\"nebrija-product-short-description\"><strong>Certificado de conclus\u00e3o: <\/strong><span class=\"nebrija-product-short-description-separator\">Ao final do curso, ap\u00f3s a conclus\u00e3o bem-sucedida de seus requisitos <\/span><\/p>\n<p class=\"nebrija-product-short-description\"><strong><i class=\"ion-ios-monitor-outline\"><\/i> N\u00edvel m\u00ednimo de espanhol recomend\u00e1vel: <\/strong><br \/>\n<span class=\"nebrija-product-short-description-separator\" style=\"color: #333333;\"><br \/>\n<span style=\"color: #ff0000; width: auto;\">A1.1<\/span> A1.2 A2.1 A2.2<br \/>\nB1.1 B1.2 B2.1 B2.2<br \/>\nC1.1 C1.2<br \/>\n<\/span><\/p>\n<\/div>","protected":false},"featured_media":2003,"comment_status":"closed","ping_status":"closed","template":"","meta":[],"product_cat":[20,42],"product_tag":[],"_links":{"self":[{"href":"https:\/\/www.spanishglobalnebrija.com\/br\/wp-json\/wp\/v2\/product\/2364"}],"collection":[{"href":"https:\/\/www.spanishglobalnebrija.com\/br\/wp-json\/wp\/v2\/product"}],"about":[{"href":"https:\/\/www.spanishglobalnebrija.com\/br\/wp-json\/wp\/v2\/types\/product"}],"replies":[{"embeddable":true,"href":"https:\/\/www.spanishglobalnebrija.com\/br\/wp-json\/wp\/v2\/comments?post=2364"}],"wp:featuredmedia":[{"embeddable":true,"href":"https:\/\/www.spanishglobalnebrija.com\/br\/wp-json\/wp\/v2\/media\/2003"}],"wp:attachment":[{"href":"https:\/\/www.spanishglobalnebrija.com\/br\/wp-json\/wp\/v2\/media?parent=2364"}],"wp:term":[{"taxonomy":"product_cat","embeddable":true,"href":"https:\/\/www.spanishglobalnebrija.com\/br\/wp-json\/wp\/v2\/product_cat?post=2364"},{"taxonomy":"product_tag","embeddable":true,"href":"https:\/\/www.spanishglobalnebrija.com\/br\/wp-json\/wp\/v2\/product_tag?post=2364"}],"curies":[{"name":"wp","href":"https:\/\/api.w.org\/{rel}","templated":true}]}}